{"id":188364,"date":"2025-03-12T15:04:19","date_gmt":"2025-03-12T14:04:19","guid":{"rendered":"https:\/\/www.laperlavalles.cat\/product\/almidon-de-tapioca-aroy-d-25kg-4\/"},"modified":"2025-03-12T15:04:19","modified_gmt":"2025-03-12T14:04:19","slug":"almidon-de-tapioca-aroy-d-25kg-4","status":"publish","type":"product","link":"https:\/\/www.laperlavalles.cat\/es\/product\/almidon-de-tapioca-aroy-d-25kg-4\/","title":{"rendered":"Almid\u00f3n de Tapioca Aroy-D 25kg"},"content":{"rendered":"<p>El Almid\u00f3n de Tapioca Aroy-D 400g es un ingrediente vers\u00e1til ideal para espesar salsas, preparar postres tradicionales o a\u00f1adir textura a recetas asi\u00e1ticas. Con una textura fina y sabor neutro, es perfecto para la cocina dulce y salada.<\/p>\n","protected":false},"excerpt":{"rendered":"<p>El Almid\u00f3n de Tapioca Aroy-D 400g es un ingrediente vers\u00e1til ideal para espesar salsas, preparar postres tradicionales o a\u00f1adir textura a recetas asi\u00e1ticas. Con una textura<span class=\"excerpt-hellip\"> [\u2026]<\/span><\/p>\n","protected":false},"featured_media":188360,"comment_status":"open","ping_status":"closed","template":"","meta":[],"product_cat":[8398,8476],"product_tag":[],"_links":{"self":[{"href":"https:\/\/www.laperlavalles.cat\/es\/wp-json\/wp\/v2\/product\/188364"}],"collection":[{"href":"https:\/\/www.laperlavalles.cat\/es\/wp-json\/wp\/v2\/product"}],"about":[{"href":"https:\/\/www.laperlavalles.cat\/es\/wp-json\/wp\/v2\/types\/product"}],"replies":[{"embeddable":true,"href":"https:\/\/www.laperlavalles.cat\/es\/wp-json\/wp\/v2\/comments?post=188364"}],"wp:featuredmedia":[{"embeddable":true,"href":"https:\/\/www.laperlavalles.cat\/es\/wp-json\/wp\/v2\/media\/188360"}],"wp:attachment":[{"href":"https:\/\/www.laperlavalles.cat\/es\/wp-json\/wp\/v2\/media?parent=188364"}],"wp:term":[{"taxonomy":"product_cat","embeddable":true,"href":"https:\/\/www.laperlavalles.cat\/es\/wp-json\/wp\/v2\/product_cat?post=188364"},{"taxonomy":"product_tag","embeddable":true,"href":"https:\/\/www.laperlavalles.cat\/es\/wp-json\/wp\/v2\/product_tag?post=188364"}],"curies":[{"name":"wp","href":"https:\/\/api.w.org\/{rel}","templated":true}]}}