{"id":188754,"date":"2025-03-12T15:46:29","date_gmt":"2025-03-12T14:46:29","guid":{"rendered":"https:\/\/www.laperlavalles.cat\/product\/zumo-de-fruta-de-limon-y-jengibre-con-aloe-vera-okf-500ml-5\/"},"modified":"2025-03-12T15:46:29","modified_gmt":"2025-03-12T14:46:29","slug":"zumo-de-fruta-de-limon-y-jengibre-con-aloe-vera-okf-500ml-5","status":"publish","type":"product","link":"https:\/\/www.laperlavalles.cat\/es\/product\/zumo-de-fruta-de-limon-y-jengibre-con-aloe-vera-okf-500ml-5\/","title":{"rendered":"Zumo de fruta de lim\u00f3n y jengibre con Aloe Vera OKF 500ml"},"content":{"rendered":"<p>Bebida de lim\u00f3n y jengibre, dulce y refrescante, con trozos de aloe vera masticables, jugo real de lim\u00f3n y jengibre, gel de aloe vera a\u00f1adido y sabores naturales y artificiales.<\/p>\n","protected":false},"excerpt":{"rendered":"<p>Bebida de lim\u00f3n y jengibre, dulce y refrescante, con trozos de aloe vera masticables, jugo real de lim\u00f3n y jengibre, gel de aloe vera a\u00f1adido y<span class=\"excerpt-hellip\"> [\u2026]<\/span><\/p>\n","protected":false},"featured_media":188750,"comment_status":"open","ping_status":"closed","template":"","meta":[],"product_cat":[8385,8477],"product_tag":[],"_links":{"self":[{"href":"https:\/\/www.laperlavalles.cat\/es\/wp-json\/wp\/v2\/product\/188754"}],"collection":[{"href":"https:\/\/www.laperlavalles.cat\/es\/wp-json\/wp\/v2\/product"}],"about":[{"href":"https:\/\/www.laperlavalles.cat\/es\/wp-json\/wp\/v2\/types\/product"}],"replies":[{"embeddable":true,"href":"https:\/\/www.laperlavalles.cat\/es\/wp-json\/wp\/v2\/comments?post=188754"}],"wp:featuredmedia":[{"embeddable":true,"href":"https:\/\/www.laperlavalles.cat\/es\/wp-json\/wp\/v2\/media\/188750"}],"wp:attachment":[{"href":"https:\/\/www.laperlavalles.cat\/es\/wp-json\/wp\/v2\/media?parent=188754"}],"wp:term":[{"taxonomy":"product_cat","embeddable":true,"href":"https:\/\/www.laperlavalles.cat\/es\/wp-json\/wp\/v2\/product_cat?post=188754"},{"taxonomy":"product_tag","embeddable":true,"href":"https:\/\/www.laperlavalles.cat\/es\/wp-json\/wp\/v2\/product_tag?post=188754"}],"curies":[{"name":"wp","href":"https:\/\/api.w.org\/{rel}","templated":true}]}}