{"id":189064,"date":"2025-03-13T14:54:48","date_gmt":"2025-03-13T13:54:48","guid":{"rendered":"https:\/\/www.laperlavalles.cat\/product\/pasta-de-jengibre-y-ajo-tooba-1-kg-2\/"},"modified":"2025-03-13T14:54:48","modified_gmt":"2025-03-13T13:54:48","slug":"pasta-de-jengibre-y-ajo-tooba-1-kg-2","status":"publish","type":"product","link":"https:\/\/www.laperlavalles.cat\/es\/product\/pasta-de-jengibre-y-ajo-tooba-1-kg-2\/","title":{"rendered":"PASTA DE JENGIBRE Y AJO TOOBA 1 KG"},"content":{"rendered":"<p>La Pasta de Jengibre y Ajo Tooba 1 kg es la combinaci\u00f3n perfecta para aportar un toque intenso y aut\u00e9ntico a tus platos. Elaborada con jengibre y ajo frescos seleccionados, esta pasta fusiona dos de las especias m\u00e1s apreciadas para ofrecer un sabor profundo y arom\u00e1tico. Ideal para marinadas, salsas, guisos y platos salteados, es una base culinaria vers\u00e1til que enriquecer\u00e1 cualquier receta. Perfecta para quienes buscan comodidad sin renunciar al sabor tradicional.<\/p>\n","protected":false},"excerpt":{"rendered":"<p>La Pasta de Jengibre y Ajo Tooba 1 kg es la combinaci\u00f3n perfecta para aportar un toque intenso y aut\u00e9ntico a tus platos. Elaborada con jengibre<span class=\"excerpt-hellip\"> [\u2026]<\/span><\/p>\n","protected":false},"featured_media":189060,"comment_status":"open","ping_status":"closed","template":"","meta":[],"product_cat":[36],"product_tag":[],"_links":{"self":[{"href":"https:\/\/www.laperlavalles.cat\/es\/wp-json\/wp\/v2\/product\/189064"}],"collection":[{"href":"https:\/\/www.laperlavalles.cat\/es\/wp-json\/wp\/v2\/product"}],"about":[{"href":"https:\/\/www.laperlavalles.cat\/es\/wp-json\/wp\/v2\/types\/product"}],"replies":[{"embeddable":true,"href":"https:\/\/www.laperlavalles.cat\/es\/wp-json\/wp\/v2\/comments?post=189064"}],"wp:featuredmedia":[{"embeddable":true,"href":"https:\/\/www.laperlavalles.cat\/es\/wp-json\/wp\/v2\/media\/189060"}],"wp:attachment":[{"href":"https:\/\/www.laperlavalles.cat\/es\/wp-json\/wp\/v2\/media?parent=189064"}],"wp:term":[{"taxonomy":"product_cat","embeddable":true,"href":"https:\/\/www.laperlavalles.cat\/es\/wp-json\/wp\/v2\/product_cat?post=189064"},{"taxonomy":"product_tag","embeddable":true,"href":"https:\/\/www.laperlavalles.cat\/es\/wp-json\/wp\/v2\/product_tag?post=189064"}],"curies":[{"name":"wp","href":"https:\/\/api.w.org\/{rel}","templated":true}]}}