{"id":189164,"date":"2025-03-13T15:01:55","date_gmt":"2025-03-13T14:02:09","guid":{"rendered":"https:\/\/www.laperlavalles.cat\/product\/crema-de-manos-y-cuerpo-de-manteca-de-cacao-queen-elisabeth-500ml\/"},"modified":"2025-03-13T15:17:30","modified_gmt":"2025-03-13T14:17:30","slug":"crema-de-manos-y-cuerpo-de-manteca-de-cacao-queen-elisabeth-500ml","status":"publish","type":"product","link":"https:\/\/www.laperlavalles.cat\/es\/product\/crema-de-manos-y-cuerpo-de-manteca-de-cacao-queen-elisabeth-500ml\/","title":{"rendered":"CREMA DE MANOS Y CUERPO DE MANTECA DE CACAO QUEEN ELISABETH 500ML"},"content":{"rendered":"<p>La Pomada Queen Elisabeth 250 ml es ideal para hidratar y nutrir profundamente la piel seca de las manos y el cuerpo. Con una textura rica y cremosa, proporciona una hidrataci\u00f3n intensa que ayuda a suavizar la piel \u00e1spera y protegerla contra la sequedad. Perfecta para el uso diario, alivia la irritaci\u00f3n y mantiene la piel suave, flexible y saludable.<\/p>\n","protected":false},"excerpt":{"rendered":"<p>La Pomada Queen Elisabeth 250 ml es ideal para hidratar y nutrir profundamente la piel seca de las manos y el cuerpo. Con una textura rica<span class=\"excerpt-hellip\"> [\u2026]<\/span><\/p>\n","protected":false},"featured_media":189153,"comment_status":"open","ping_status":"closed","template":"","meta":[],"product_cat":[8403,8484],"product_tag":[],"_links":{"self":[{"href":"https:\/\/www.laperlavalles.cat\/es\/wp-json\/wp\/v2\/product\/189164"}],"collection":[{"href":"https:\/\/www.laperlavalles.cat\/es\/wp-json\/wp\/v2\/product"}],"about":[{"href":"https:\/\/www.laperlavalles.cat\/es\/wp-json\/wp\/v2\/types\/product"}],"replies":[{"embeddable":true,"href":"https:\/\/www.laperlavalles.cat\/es\/wp-json\/wp\/v2\/comments?post=189164"}],"wp:featuredmedia":[{"embeddable":true,"href":"https:\/\/www.laperlavalles.cat\/es\/wp-json\/wp\/v2\/media\/189153"}],"wp:attachment":[{"href":"https:\/\/www.laperlavalles.cat\/es\/wp-json\/wp\/v2\/media?parent=189164"}],"wp:term":[{"taxonomy":"product_cat","embeddable":true,"href":"https:\/\/www.laperlavalles.cat\/es\/wp-json\/wp\/v2\/product_cat?post=189164"},{"taxonomy":"product_tag","embeddable":true,"href":"https:\/\/www.laperlavalles.cat\/es\/wp-json\/wp\/v2\/product_tag?post=189164"}],"curies":[{"name":"wp","href":"https:\/\/api.w.org\/{rel}","templated":true}]}}