{"id":189184,"date":"2025-03-13T15:03:00","date_gmt":"2025-03-13T14:03:12","guid":{"rendered":"https:\/\/www.laperlavalles.cat\/product\/glicerina-queen-elisabeth-200ml\/"},"modified":"2025-03-13T15:21:39","modified_gmt":"2025-03-13T14:21:39","slug":"glicerina-queen-elisabeth-200ml","status":"publish","type":"product","link":"https:\/\/www.laperlavalles.cat\/es\/product\/glicerina-queen-elisabeth-200ml\/","title":{"rendered":"GLICERINA QUEEN ELISABETH 200ML"},"content":{"rendered":"<p>La Glicerina Queen Elisabeth 200 ml es una soluci\u00f3n emoliente y humectante dise\u00f1ada para hidratar y proteger la piel seca y \u00e1spera. La glicerina, conocida por su capacidad para retener la humedad, ayuda a mantener la piel hidratada, suave y flexible. Act\u00faa como una barrera protectora contra la deshidrataci\u00f3n y las agresiones externas, previniendo la sequedad y las grietas. Ideal para el uso diario en manos, codos, rodillas y otras zonas especialmente secas.<\/p>\n","protected":false},"excerpt":{"rendered":"<p>La Glicerina Queen Elisabeth 200 ml es una soluci\u00f3n emoliente y humectante dise\u00f1ada para hidratar y proteger la piel seca y \u00e1spera. La glicerina, conocida por<span class=\"excerpt-hellip\"> [\u2026]<\/span><\/p>\n","protected":false},"featured_media":189173,"comment_status":"open","ping_status":"closed","template":"","meta":[],"product_cat":[8403,8484],"product_tag":[],"_links":{"self":[{"href":"https:\/\/www.laperlavalles.cat\/es\/wp-json\/wp\/v2\/product\/189184"}],"collection":[{"href":"https:\/\/www.laperlavalles.cat\/es\/wp-json\/wp\/v2\/product"}],"about":[{"href":"https:\/\/www.laperlavalles.cat\/es\/wp-json\/wp\/v2\/types\/product"}],"replies":[{"embeddable":true,"href":"https:\/\/www.laperlavalles.cat\/es\/wp-json\/wp\/v2\/comments?post=189184"}],"wp:featuredmedia":[{"embeddable":true,"href":"https:\/\/www.laperlavalles.cat\/es\/wp-json\/wp\/v2\/media\/189173"}],"wp:attachment":[{"href":"https:\/\/www.laperlavalles.cat\/es\/wp-json\/wp\/v2\/media?parent=189184"}],"wp:term":[{"taxonomy":"product_cat","embeddable":true,"href":"https:\/\/www.laperlavalles.cat\/es\/wp-json\/wp\/v2\/product_cat?post=189184"},{"taxonomy":"product_tag","embeddable":true,"href":"https:\/\/www.laperlavalles.cat\/es\/wp-json\/wp\/v2\/product_tag?post=189184"}],"curies":[{"name":"wp","href":"https:\/\/api.w.org\/{rel}","templated":true}]}}