{"id":189304,"date":"2025-03-13T15:11:54","date_gmt":"2025-03-13T14:12:07","guid":{"rendered":"https:\/\/www.laperlavalles.cat\/product\/crema-de-manos-y-cuerpo-de-manteca-de-karite-queen-elisabeth-500ml\/"},"modified":"2025-03-13T15:22:38","modified_gmt":"2025-03-13T14:22:38","slug":"crema-de-manos-y-cuerpo-de-manteca-de-karite-queen-elisabeth-500ml","status":"publish","type":"product","link":"https:\/\/www.laperlavalles.cat\/es\/product\/crema-de-manos-y-cuerpo-de-manteca-de-karite-queen-elisabeth-500ml\/","title":{"rendered":"CREMA DE MANOS Y CUERPO DE MANTECA DE KARIT\u00c9 QUEEN ELISABETH 500ML"},"content":{"rendered":"<p>La Crema de Manteca de Karit\u00e9 Queen Elisabeth 500 ml hidrata y nutre profundamente la piel, ayudando a restaurar su suavidad y elasticidad natural. Enriquecida con manteca de karit\u00e9 pura, es ideal para piel seca o da\u00f1ada, proporcionando protecci\u00f3n contra la sequedad y la deshidrataci\u00f3n. Perfecta para el uso diario en manos, cuerpo y zonas especialmente secas.<\/p>\n","protected":false},"excerpt":{"rendered":"<p>La Crema de Manteca de Karit\u00e9 Queen Elisabeth 500 ml hidrata y nutre profundamente la piel, ayudando a restaurar su suavidad y elasticidad natural. Enriquecida con<span class=\"excerpt-hellip\"> [\u2026]<\/span><\/p>\n","protected":false},"featured_media":189293,"comment_status":"open","ping_status":"closed","template":"","meta":[],"product_cat":[8403,8484],"product_tag":[],"_links":{"self":[{"href":"https:\/\/www.laperlavalles.cat\/es\/wp-json\/wp\/v2\/product\/189304"}],"collection":[{"href":"https:\/\/www.laperlavalles.cat\/es\/wp-json\/wp\/v2\/product"}],"about":[{"href":"https:\/\/www.laperlavalles.cat\/es\/wp-json\/wp\/v2\/types\/product"}],"replies":[{"embeddable":true,"href":"https:\/\/www.laperlavalles.cat\/es\/wp-json\/wp\/v2\/comments?post=189304"}],"wp:featuredmedia":[{"embeddable":true,"href":"https:\/\/www.laperlavalles.cat\/es\/wp-json\/wp\/v2\/media\/189293"}],"wp:attachment":[{"href":"https:\/\/www.laperlavalles.cat\/es\/wp-json\/wp\/v2\/media?parent=189304"}],"wp:term":[{"taxonomy":"product_cat","embeddable":true,"href":"https:\/\/www.laperlavalles.cat\/es\/wp-json\/wp\/v2\/product_cat?post=189304"},{"taxonomy":"product_tag","embeddable":true,"href":"https:\/\/www.laperlavalles.cat\/es\/wp-json\/wp\/v2\/product_tag?post=189304"}],"curies":[{"name":"wp","href":"https:\/\/api.w.org\/{rel}","templated":true}]}}