{"id":189404,"date":"2025-03-14T09:00:34","date_gmt":"2025-03-14T08:00:47","guid":{"rendered":"https:\/\/www.laperlavalles.cat\/product\/crema-de-manteca-de-cacao-ever-sheen-250-ml-2\/"},"modified":"2025-03-14T09:09:33","modified_gmt":"2025-03-14T08:09:33","slug":"crema-de-manteca-de-cacao-ever-sheen-250-ml-2","status":"publish","type":"product","link":"https:\/\/www.laperlavalles.cat\/es\/product\/crema-de-manteca-de-cacao-ever-sheen-250-ml-2\/","title":{"rendered":"CREMA DE MANTECA DE CACAO EVER SHEEN 250 ML"},"content":{"rendered":"<p>La loci\u00f3n Ever Sheen Hand &amp; Body de 500 ml es un hidratante corporal enriquecido con manteca de cacao natural y vitamina E, ideal para nutrir y suavizar la piel. Su f\u00f3rmula ligera y no grasa se absorbe r\u00e1pidamente, proporcionando una hidrataci\u00f3n profunda que mejora la elasticidad y la textura de la piel, dej\u00e1ndola suave y con un aspecto saludable. Es adecuada para todo tipo de piel y su uso diario ayuda a proteger contra la sequedad y a mantener una apariencia joven y radiante.<\/p>\n","protected":false},"excerpt":{"rendered":"<p>La loci\u00f3n Ever Sheen Hand &amp; Body de 500 ml es un hidratante corporal enriquecido con manteca de cacao natural y vitamina E, ideal para nutrir<span class=\"excerpt-hellip\"> [\u2026]<\/span><\/p>\n","protected":false},"featured_media":189393,"comment_status":"open","ping_status":"closed","template":"","meta":[],"product_cat":[8403,8484],"product_tag":[],"_links":{"self":[{"href":"https:\/\/www.laperlavalles.cat\/es\/wp-json\/wp\/v2\/product\/189404"}],"collection":[{"href":"https:\/\/www.laperlavalles.cat\/es\/wp-json\/wp\/v2\/product"}],"about":[{"href":"https:\/\/www.laperlavalles.cat\/es\/wp-json\/wp\/v2\/types\/product"}],"replies":[{"embeddable":true,"href":"https:\/\/www.laperlavalles.cat\/es\/wp-json\/wp\/v2\/comments?post=189404"}],"wp:featuredmedia":[{"embeddable":true,"href":"https:\/\/www.laperlavalles.cat\/es\/wp-json\/wp\/v2\/media\/189393"}],"wp:attachment":[{"href":"https:\/\/www.laperlavalles.cat\/es\/wp-json\/wp\/v2\/media?parent=189404"}],"wp:term":[{"taxonomy":"product_cat","embeddable":true,"href":"https:\/\/www.laperlavalles.cat\/es\/wp-json\/wp\/v2\/product_cat?post=189404"},{"taxonomy":"product_tag","embeddable":true,"href":"https:\/\/www.laperlavalles.cat\/es\/wp-json\/wp\/v2\/product_tag?post=189404"}],"curies":[{"name":"wp","href":"https:\/\/api.w.org\/{rel}","templated":true}]}}