{"id":189524,"date":"2025-03-14T09:13:55","date_gmt":"2025-03-14T08:14:07","guid":{"rendered":"https:\/\/www.laperlavalles.cat\/product\/locion-de-manos-y-cuerpo-rinju-16-oz\/"},"modified":"2025-03-14T09:29:09","modified_gmt":"2025-03-14T08:29:09","slug":"locion-de-manos-y-cuerpo-rinju-16-oz","status":"publish","type":"product","link":"https:\/\/www.laperlavalles.cat\/es\/product\/locion-de-manos-y-cuerpo-rinju-16-oz\/","title":{"rendered":"LOCION DE MANOS Y CUERPO RINJU 16 OZ"},"content":{"rendered":"<p>La LOCION DE MANOS Y CUERPO RINJU de 16 oz proporciona una hidrataci\u00f3n profunda y duradera para todo tipo de piel. Formulada con ingredientes nutritivos, ayuda a suavizar y proteger la piel seca, dej\u00e1ndola suave, flexible y con una agradable sensaci\u00f3n de frescura. Ideal para el uso diario despu\u00e9s de la ducha o cuando la piel necesita un extra de hidrataci\u00f3n.<\/p>\n","protected":false},"excerpt":{"rendered":"<p>La LOCION DE MANOS Y CUERPO RINJU de 16 oz proporciona una hidrataci\u00f3n profunda y duradera para todo tipo de piel. Formulada con ingredientes nutritivos, ayuda<span class=\"excerpt-hellip\"> [\u2026]<\/span><\/p>\n","protected":false},"featured_media":189513,"comment_status":"open","ping_status":"closed","template":"","meta":[],"product_cat":[8403,8484],"product_tag":[],"_links":{"self":[{"href":"https:\/\/www.laperlavalles.cat\/es\/wp-json\/wp\/v2\/product\/189524"}],"collection":[{"href":"https:\/\/www.laperlavalles.cat\/es\/wp-json\/wp\/v2\/product"}],"about":[{"href":"https:\/\/www.laperlavalles.cat\/es\/wp-json\/wp\/v2\/types\/product"}],"replies":[{"embeddable":true,"href":"https:\/\/www.laperlavalles.cat\/es\/wp-json\/wp\/v2\/comments?post=189524"}],"wp:featuredmedia":[{"embeddable":true,"href":"https:\/\/www.laperlavalles.cat\/es\/wp-json\/wp\/v2\/media\/189513"}],"wp:attachment":[{"href":"https:\/\/www.laperlavalles.cat\/es\/wp-json\/wp\/v2\/media?parent=189524"}],"wp:term":[{"taxonomy":"product_cat","embeddable":true,"href":"https:\/\/www.laperlavalles.cat\/es\/wp-json\/wp\/v2\/product_cat?post=189524"},{"taxonomy":"product_tag","embeddable":true,"href":"https:\/\/www.laperlavalles.cat\/es\/wp-json\/wp\/v2\/product_tag?post=189524"}],"curies":[{"name":"wp","href":"https:\/\/api.w.org\/{rel}","templated":true}]}}