{"id":189564,"date":"2025-03-14T09:21:43","date_gmt":"2025-03-14T08:21:55","guid":{"rendered":"https:\/\/www.laperlavalles.cat\/product\/locion-de-manos-y-cuerpo-latouche-16-oz\/"},"modified":"2025-03-14T09:30:45","modified_gmt":"2025-03-14T08:30:45","slug":"locion-de-manos-y-cuerpo-latouche-16-oz","status":"publish","type":"product","link":"https:\/\/www.laperlavalles.cat\/es\/product\/locion-de-manos-y-cuerpo-latouche-16-oz\/","title":{"rendered":"LOCION DE MANOS Y CUERPO LATOUCHE 16 OZ"},"content":{"rendered":"<p>La LOCION DE MANOS Y CUERPO LATOUCHE de 16 oz est\u00e1 formulada para ofrecer una hidrataci\u00f3n profunda y duradera, ayudando a mantener la piel suave y flexible. Ideal para todo tipo de piel, su textura ligera se absorbe f\u00e1cilmente, dejando una sensaci\u00f3n fresca y agradable. Perfecta para el uso diario, aporta nutrici\u00f3n y protege contra la sequedad.<\/p>\n","protected":false},"excerpt":{"rendered":"<p>La LOCION DE MANOS Y CUERPO LATOUCHE de 16 oz est\u00e1 formulada para ofrecer una hidrataci\u00f3n profunda y duradera, ayudando a mantener la piel suave y<span class=\"excerpt-hellip\"> [\u2026]<\/span><\/p>\n","protected":false},"featured_media":189553,"comment_status":"open","ping_status":"closed","template":"","meta":[],"product_cat":[8403,8484],"product_tag":[],"_links":{"self":[{"href":"https:\/\/www.laperlavalles.cat\/es\/wp-json\/wp\/v2\/product\/189564"}],"collection":[{"href":"https:\/\/www.laperlavalles.cat\/es\/wp-json\/wp\/v2\/product"}],"about":[{"href":"https:\/\/www.laperlavalles.cat\/es\/wp-json\/wp\/v2\/types\/product"}],"replies":[{"embeddable":true,"href":"https:\/\/www.laperlavalles.cat\/es\/wp-json\/wp\/v2\/comments?post=189564"}],"wp:featuredmedia":[{"embeddable":true,"href":"https:\/\/www.laperlavalles.cat\/es\/wp-json\/wp\/v2\/media\/189553"}],"wp:attachment":[{"href":"https:\/\/www.laperlavalles.cat\/es\/wp-json\/wp\/v2\/media?parent=189564"}],"wp:term":[{"taxonomy":"product_cat","embeddable":true,"href":"https:\/\/www.laperlavalles.cat\/es\/wp-json\/wp\/v2\/product_cat?post=189564"},{"taxonomy":"product_tag","embeddable":true,"href":"https:\/\/www.laperlavalles.cat\/es\/wp-json\/wp\/v2\/product_tag?post=189564"}],"curies":[{"name":"wp","href":"https:\/\/api.w.org\/{rel}","templated":true}]}}