{"id":189584,"date":"2025-03-14T09:30:37","date_gmt":"2025-03-14T08:30:48","guid":{"rendered":"https:\/\/www.laperlavalles.cat\/product\/mielle-pomegranatehoney-curl-defining-mousse-222ml\/"},"modified":"2026-04-28T18:23:09","modified_gmt":"2026-04-28T16:23:09","slug":"mielle-pomegranatehoney-curl-defining-mousse-222ml","status":"publish","type":"product","link":"https:\/\/www.laperlavalles.cat\/es\/product\/mielle-pomegranatehoney-curl-defining-mousse-222ml\/","title":{"rendered":"MIELLE POMEGRANATE&amp;HONEY CURL DEFINING MOUSSE 222ML"},"content":{"rendered":"<p>La espuma definidora de rizos de Mielle con granada y miel est\u00e1 formulada para aportar definici\u00f3n, control y brillo a los rizos. Su f\u00f3rmula ligera combate el encrespamiento y mantiene los rizos suaves y definidos sin dejar residuos pegajosos. Enriquecida con ingredientes naturales como la miel y la granada, proporciona hidrataci\u00f3n y una fijaci\u00f3n duradera. Es ideal para cabellos gruesos y rizados que buscan una definici\u00f3n natural y sin apelmazar.<\/p>\n","protected":false},"excerpt":{"rendered":"<p>La espuma definidora de rizos de Mielle con granada y miel est\u00e1 formulada para aportar definici\u00f3n, control y brillo a los rizos. Su f\u00f3rmula ligera combate<span class=\"excerpt-hellip\"> [\u2026]<\/span><\/p>\n","protected":false},"featured_media":189573,"comment_status":"open","ping_status":"closed","template":"","meta":[],"product_cat":[10618],"product_tag":[],"_links":{"self":[{"href":"https:\/\/www.laperlavalles.cat\/es\/wp-json\/wp\/v2\/product\/189584"}],"collection":[{"href":"https:\/\/www.laperlavalles.cat\/es\/wp-json\/wp\/v2\/product"}],"about":[{"href":"https:\/\/www.laperlavalles.cat\/es\/wp-json\/wp\/v2\/types\/product"}],"replies":[{"embeddable":true,"href":"https:\/\/www.laperlavalles.cat\/es\/wp-json\/wp\/v2\/comments?post=189584"}],"wp:featuredmedia":[{"embeddable":true,"href":"https:\/\/www.laperlavalles.cat\/es\/wp-json\/wp\/v2\/media\/189573"}],"wp:attachment":[{"href":"https:\/\/www.laperlavalles.cat\/es\/wp-json\/wp\/v2\/media?parent=189584"}],"wp:term":[{"taxonomy":"product_cat","embeddable":true,"href":"https:\/\/www.laperlavalles.cat\/es\/wp-json\/wp\/v2\/product_cat?post=189584"},{"taxonomy":"product_tag","embeddable":true,"href":"https:\/\/www.laperlavalles.cat\/es\/wp-json\/wp\/v2\/product_tag?post=189584"}],"curies":[{"name":"wp","href":"https:\/\/api.w.org\/{rel}","templated":true}]}}