{"id":189644,"date":"2025-03-14T09:50:34","date_gmt":"2025-03-14T08:50:46","guid":{"rendered":"https:\/\/www.laperlavalles.cat\/product\/mielle-pomegranate-honey-stretch-mark-cream-85g\/"},"modified":"2025-09-04T17:32:58","modified_gmt":"2025-09-04T15:32:58","slug":"mielle-pomegranate-honey-stretch-mark-cream-85g","status":"publish","type":"product","link":"https:\/\/www.laperlavalles.cat\/es\/product\/mielle-pomegranate-honey-stretch-mark-cream-85g\/","title":{"rendered":"MIELLE POMEGRANATE &amp; HONEY STRETCH MARK CREAM 85G"},"content":{"rendered":"<p>La crema antiestr\u00edas de Mielle con granada y miel proporciona una hidrataci\u00f3n intensa, contribuyendo a mejorar la elasticidad de la piel. Su f\u00f3rmula natural ayuda a suavizar y reducir la apariencia de las estr\u00edas, dejando la piel m\u00e1s firme y nutrida.<\/p>\n","protected":false},"excerpt":{"rendered":"<p>La crema antiestr\u00edas de Mielle con granada y miel proporciona una hidrataci\u00f3n intensa, contribuyendo a mejorar la elasticidad de la piel. Su f\u00f3rmula natural ayuda a<span class=\"excerpt-hellip\"> [\u2026]<\/span><\/p>\n","protected":false},"featured_media":189633,"comment_status":"open","ping_status":"closed","template":"","meta":[],"product_cat":[10618],"product_tag":[],"_links":{"self":[{"href":"https:\/\/www.laperlavalles.cat\/es\/wp-json\/wp\/v2\/product\/189644"}],"collection":[{"href":"https:\/\/www.laperlavalles.cat\/es\/wp-json\/wp\/v2\/product"}],"about":[{"href":"https:\/\/www.laperlavalles.cat\/es\/wp-json\/wp\/v2\/types\/product"}],"replies":[{"embeddable":true,"href":"https:\/\/www.laperlavalles.cat\/es\/wp-json\/wp\/v2\/comments?post=189644"}],"wp:featuredmedia":[{"embeddable":true,"href":"https:\/\/www.laperlavalles.cat\/es\/wp-json\/wp\/v2\/media\/189633"}],"wp:attachment":[{"href":"https:\/\/www.laperlavalles.cat\/es\/wp-json\/wp\/v2\/media?parent=189644"}],"wp:term":[{"taxonomy":"product_cat","embeddable":true,"href":"https:\/\/www.laperlavalles.cat\/es\/wp-json\/wp\/v2\/product_cat?post=189644"},{"taxonomy":"product_tag","embeddable":true,"href":"https:\/\/www.laperlavalles.cat\/es\/wp-json\/wp\/v2\/product_tag?post=189644"}],"curies":[{"name":"wp","href":"https:\/\/api.w.org\/{rel}","templated":true}]}}