{"id":189664,"date":"2025-03-14T10:00:34","date_gmt":"2025-03-14T09:00:47","guid":{"rendered":"https:\/\/www.laperlavalles.cat\/product\/mielle-rosemary-mint-oil-light-59ml\/"},"modified":"2025-12-04T14:53:30","modified_gmt":"2025-12-04T13:53:30","slug":"mielle-rosemary-mint-oil-light-59ml","status":"publish","type":"product","link":"https:\/\/www.laperlavalles.cat\/es\/product\/mielle-rosemary-mint-oil-light-59ml\/","title":{"rendered":"MIELLE ROSEMARY MINT OIL LIGHT 59ML"},"content":{"rendered":"<p>El MIELLE ROSEMARY MINT OIL LIGHT 59ML es un aceite ligero dise\u00f1ado para fortalecer y nutrir el cabello y el cuero cabelludo. Enriquecido con romero, menta y biotina, estimula el crecimiento y proporciona hidrataci\u00f3n sin dejar residuos grasos.<\/p>\n<p>Este aceite es ideal para cabellos de baja porosidad o para quienes prefieren una f\u00f3rmula m\u00e1s ligera. Tambi\u00e9n es perfecto para estilos protectores como trenzas o pelucas.<\/p>\n<p>Se aplica f\u00e1cilmente sobre el cuero cabelludo o las puntas, ofreciendo una sensaci\u00f3n refrescante gracias al aceite esencial de menta.<\/p>\n<p>Con un uso regular, el cabello se mantiene fuerte, saludable y brillante, promoviendo un crecimiento sano y reduciendo la ca\u00edda.<\/p>\n","protected":false},"excerpt":{"rendered":"<p>El MIELLE ROSEMARY MINT OIL LIGHT 59ML es un aceite ligero dise\u00f1ado para fortalecer y nutrir el cabello y el cuero cabelludo. Enriquecido con romero, menta<span class=\"excerpt-hellip\"> [\u2026]<\/span><\/p>\n","protected":false},"featured_media":189653,"comment_status":"open","ping_status":"closed","template":"","meta":[],"product_cat":[10618],"product_tag":[],"_links":{"self":[{"href":"https:\/\/www.laperlavalles.cat\/es\/wp-json\/wp\/v2\/product\/189664"}],"collection":[{"href":"https:\/\/www.laperlavalles.cat\/es\/wp-json\/wp\/v2\/product"}],"about":[{"href":"https:\/\/www.laperlavalles.cat\/es\/wp-json\/wp\/v2\/types\/product"}],"replies":[{"embeddable":true,"href":"https:\/\/www.laperlavalles.cat\/es\/wp-json\/wp\/v2\/comments?post=189664"}],"wp:featuredmedia":[{"embeddable":true,"href":"https:\/\/www.laperlavalles.cat\/es\/wp-json\/wp\/v2\/media\/189653"}],"wp:attachment":[{"href":"https:\/\/www.laperlavalles.cat\/es\/wp-json\/wp\/v2\/media?parent=189664"}],"wp:term":[{"taxonomy":"product_cat","embeddable":true,"href":"https:\/\/www.laperlavalles.cat\/es\/wp-json\/wp\/v2\/product_cat?post=189664"},{"taxonomy":"product_tag","embeddable":true,"href":"https:\/\/www.laperlavalles.cat\/es\/wp-json\/wp\/v2\/product_tag?post=189664"}],"curies":[{"name":"wp","href":"https:\/\/api.w.org\/{rel}","templated":true}]}}