{"id":189684,"date":"2025-03-14T10:10:34","date_gmt":"2025-03-14T09:10:46","guid":{"rendered":"https:\/\/www.laperlavalles.cat\/product\/mielle-rosemary-mint-strengthening-scalpedge-cleansing-oil-118ml\/"},"modified":"2025-03-14T10:16:22","modified_gmt":"2025-03-14T09:16:22","slug":"mielle-rosemary-mint-strengthening-scalpedge-cleansing-oil-118ml","status":"publish","type":"product","link":"https:\/\/www.laperlavalles.cat\/es\/product\/mielle-rosemary-mint-strengthening-scalpedge-cleansing-oil-118ml\/","title":{"rendered":"MIELLE ROSEMARY MINT STRENGTHENING SCALP&amp;EDGE CLEANSING OIL 118ML"},"content":{"rendered":"<p>El Mielle Rosemary Mint Strengthening Scalp &amp; Edge Cleansing Oil es un aceite limpiador sin enjuague que ayuda a disolver la acumulaci\u00f3n de productos en el cuero cabelludo y la l\u00ednea del cabello entre lavados. Su f\u00f3rmula ligera, enriquecida con romero, menta, biotina y hamamelis, limpia sin eliminar los aceites naturales del cabello<\/p>\n","protected":false},"excerpt":{"rendered":"<p>El Mielle Rosemary Mint Strengthening Scalp &amp; Edge Cleansing Oil es un aceite limpiador sin enjuague que ayuda a disolver la acumulaci\u00f3n de productos en el<span class=\"excerpt-hellip\"> [\u2026]<\/span><\/p>\n","protected":false},"featured_media":189673,"comment_status":"open","ping_status":"closed","template":"","meta":[],"product_cat":[8403,24330],"product_tag":[],"_links":{"self":[{"href":"https:\/\/www.laperlavalles.cat\/es\/wp-json\/wp\/v2\/product\/189684"}],"collection":[{"href":"https:\/\/www.laperlavalles.cat\/es\/wp-json\/wp\/v2\/product"}],"about":[{"href":"https:\/\/www.laperlavalles.cat\/es\/wp-json\/wp\/v2\/types\/product"}],"replies":[{"embeddable":true,"href":"https:\/\/www.laperlavalles.cat\/es\/wp-json\/wp\/v2\/comments?post=189684"}],"wp:featuredmedia":[{"embeddable":true,"href":"https:\/\/www.laperlavalles.cat\/es\/wp-json\/wp\/v2\/media\/189673"}],"wp:attachment":[{"href":"https:\/\/www.laperlavalles.cat\/es\/wp-json\/wp\/v2\/media?parent=189684"}],"wp:term":[{"taxonomy":"product_cat","embeddable":true,"href":"https:\/\/www.laperlavalles.cat\/es\/wp-json\/wp\/v2\/product_cat?post=189684"},{"taxonomy":"product_tag","embeddable":true,"href":"https:\/\/www.laperlavalles.cat\/es\/wp-json\/wp\/v2\/product_tag?post=189684"}],"curies":[{"name":"wp","href":"https:\/\/api.w.org\/{rel}","templated":true}]}}