{"id":189824,"date":"2025-03-17T14:40:36","date_gmt":"2025-03-17T13:40:47","guid":{"rendered":"https:\/\/www.laperlavalles.cat\/product\/queen-helene-cholesterol-hair-conditioning-cream-15oz\/"},"modified":"2025-03-17T14:49:12","modified_gmt":"2025-03-17T13:49:12","slug":"queen-helene-cholesterol-hair-conditioning-cream-15oz","status":"publish","type":"product","link":"https:\/\/www.laperlavalles.cat\/es\/product\/queen-helene-cholesterol-hair-conditioning-cream-15oz\/","title":{"rendered":"QUEEN HELENE CHOLESTEROL HAIR CONDITIONING CREAM 15OZ"},"content":{"rendered":"<p>La Queen Helene Cholesterol Hair Conditioning Cream es una crema acondicionadora profunda de 15 oz formulada para hidratar intensamente y nutrir el cabello seco, da\u00f1ado y sobreprocesado. Su f\u00f3rmula original, libre de alcohol, utiliza colesterol para reponer la humedad en cabellos sedientos, ayudando a restaurar la suavidad, el brillo saludable y la manejabilidad duradera. Este tratamiento es ideal para el cabello que ha sido expuesto a procesos qu\u00edmicos o da\u00f1ado por factores ambientales, dej\u00e1ndolo con un aspecto saludable y con m\u00e1s cuerpo.<\/p>\n","protected":false},"excerpt":{"rendered":"<p>La Queen Helene Cholesterol Hair Conditioning Cream es una crema acondicionadora profunda de 15 oz formulada para hidratar intensamente y nutrir el cabello seco, da\u00f1ado y<span class=\"excerpt-hellip\"> [\u2026]<\/span><\/p>\n","protected":false},"featured_media":189813,"comment_status":"open","ping_status":"closed","template":"","meta":[],"product_cat":[8403,24330],"product_tag":[],"_links":{"self":[{"href":"https:\/\/www.laperlavalles.cat\/es\/wp-json\/wp\/v2\/product\/189824"}],"collection":[{"href":"https:\/\/www.laperlavalles.cat\/es\/wp-json\/wp\/v2\/product"}],"about":[{"href":"https:\/\/www.laperlavalles.cat\/es\/wp-json\/wp\/v2\/types\/product"}],"replies":[{"embeddable":true,"href":"https:\/\/www.laperlavalles.cat\/es\/wp-json\/wp\/v2\/comments?post=189824"}],"wp:featuredmedia":[{"embeddable":true,"href":"https:\/\/www.laperlavalles.cat\/es\/wp-json\/wp\/v2\/media\/189813"}],"wp:attachment":[{"href":"https:\/\/www.laperlavalles.cat\/es\/wp-json\/wp\/v2\/media?parent=189824"}],"wp:term":[{"taxonomy":"product_cat","embeddable":true,"href":"https:\/\/www.laperlavalles.cat\/es\/wp-json\/wp\/v2\/product_cat?post=189824"},{"taxonomy":"product_tag","embeddable":true,"href":"https:\/\/www.laperlavalles.cat\/es\/wp-json\/wp\/v2\/product_tag?post=189824"}],"curies":[{"name":"wp","href":"https:\/\/api.w.org\/{rel}","templated":true}]}}