{"id":189844,"date":"2025-03-17T14:41:51","date_gmt":"2025-03-17T13:42:03","guid":{"rendered":"https:\/\/www.laperlavalles.cat\/product\/queen-helene-cholesterol-w-argan-oil-hair-cond-cream-15oz\/"},"modified":"2025-03-17T14:50:25","modified_gmt":"2025-03-17T13:50:25","slug":"queen-helene-cholesterol-w-argan-oil-hair-cond-cream-15oz","status":"publish","type":"product","link":"https:\/\/www.laperlavalles.cat\/es\/product\/queen-helene-cholesterol-w-argan-oil-hair-cond-cream-15oz\/","title":{"rendered":"QUEEN HELENE CHOLESTEROL W\/ARGAN OIL HAIR COND CREAM 15OZ"},"content":{"rendered":"<p>El Queen Helene Cholesterol Hair Conditioning Cream with Argan Oil es un tratamiento restaurador que combina colesterol de acondicionamiento profundo con aceite de arg\u00e1n nutritivo para restaurar el cabello seco, fr\u00e1gil y sobreprocesado, devolvi\u00e9ndole fuerza resiliente y un brillo saludable.<\/p>\n","protected":false},"excerpt":{"rendered":"<p>El Queen Helene Cholesterol Hair Conditioning Cream with Argan Oil es un tratamiento restaurador que combina colesterol de acondicionamiento profundo con aceite de arg\u00e1n nutritivo para<span class=\"excerpt-hellip\"> [\u2026]<\/span><\/p>\n","protected":false},"featured_media":189833,"comment_status":"open","ping_status":"closed","template":"","meta":[],"product_cat":[8403,24330],"product_tag":[],"_links":{"self":[{"href":"https:\/\/www.laperlavalles.cat\/es\/wp-json\/wp\/v2\/product\/189844"}],"collection":[{"href":"https:\/\/www.laperlavalles.cat\/es\/wp-json\/wp\/v2\/product"}],"about":[{"href":"https:\/\/www.laperlavalles.cat\/es\/wp-json\/wp\/v2\/types\/product"}],"replies":[{"embeddable":true,"href":"https:\/\/www.laperlavalles.cat\/es\/wp-json\/wp\/v2\/comments?post=189844"}],"wp:featuredmedia":[{"embeddable":true,"href":"https:\/\/www.laperlavalles.cat\/es\/wp-json\/wp\/v2\/media\/189833"}],"wp:attachment":[{"href":"https:\/\/www.laperlavalles.cat\/es\/wp-json\/wp\/v2\/media?parent=189844"}],"wp:term":[{"taxonomy":"product_cat","embeddable":true,"href":"https:\/\/www.laperlavalles.cat\/es\/wp-json\/wp\/v2\/product_cat?post=189844"},{"taxonomy":"product_tag","embeddable":true,"href":"https:\/\/www.laperlavalles.cat\/es\/wp-json\/wp\/v2\/product_tag?post=189844"}],"curies":[{"name":"wp","href":"https:\/\/api.w.org\/{rel}","templated":true}]}}