{"id":189864,"date":"2025-03-17T14:43:08","date_gmt":"2025-03-17T13:43:20","guid":{"rendered":"https:\/\/www.laperlavalles.cat\/product\/queen-helene-cholesterol-hot-oil-treatment-1oz\/"},"modified":"2026-01-22T11:53:41","modified_gmt":"2026-01-22T10:53:41","slug":"queen-helene-cholesterol-hot-oil-treatment-1oz","status":"publish","type":"product","link":"https:\/\/www.laperlavalles.cat\/es\/product\/queen-helene-cholesterol-hot-oil-treatment-1oz\/","title":{"rendered":"QUEEN HELENE CHOLESTEROL HOT OIL TREATMENT 1OZ"},"content":{"rendered":"<p>El Queen Helene Cholesterol Hot Oil Treatment es un tratamiento de aceite caliente de 1 oz dise\u00f1ado para restaurar la suavidad, brillo y manejabilidad del cabello seco o procesado en exceso. Su f\u00f3rmula, rica en colesterol y lanolina, penetra profundamente en el cabello para controlar los da\u00f1os causados por tratamientos qu\u00edmicos, exposici\u00f3n al clima y el uso del secador. Este tratamiento ayuda a rejuvenecer el cabello seco y da\u00f1ado, reponiendo la humedad perdida y protegi\u00e9ndolo de futuros da\u00f1os. Es f\u00e1cil de usar: despu\u00e9s de lavar el cabello, se calienta el tubo en agua caliente, se aplica al cabello y cuero cabelludo, se cubre con una toalla tibia durante 3 minutos y luego se enjuaga.<\/p>\n","protected":false},"excerpt":{"rendered":"<p>El Queen Helene Cholesterol Hot Oil Treatment es un tratamiento de aceite caliente de 1 oz dise\u00f1ado para restaurar la suavidad, brillo y manejabilidad del cabello<span class=\"excerpt-hellip\"> [\u2026]<\/span><\/p>\n","protected":false},"featured_media":189853,"comment_status":"open","ping_status":"closed","template":"","meta":[],"product_cat":[8403,24330],"product_tag":[],"_links":{"self":[{"href":"https:\/\/www.laperlavalles.cat\/es\/wp-json\/wp\/v2\/product\/189864"}],"collection":[{"href":"https:\/\/www.laperlavalles.cat\/es\/wp-json\/wp\/v2\/product"}],"about":[{"href":"https:\/\/www.laperlavalles.cat\/es\/wp-json\/wp\/v2\/types\/product"}],"replies":[{"embeddable":true,"href":"https:\/\/www.laperlavalles.cat\/es\/wp-json\/wp\/v2\/comments?post=189864"}],"wp:featuredmedia":[{"embeddable":true,"href":"https:\/\/www.laperlavalles.cat\/es\/wp-json\/wp\/v2\/media\/189853"}],"wp:attachment":[{"href":"https:\/\/www.laperlavalles.cat\/es\/wp-json\/wp\/v2\/media?parent=189864"}],"wp:term":[{"taxonomy":"product_cat","embeddable":true,"href":"https:\/\/www.laperlavalles.cat\/es\/wp-json\/wp\/v2\/product_cat?post=189864"},{"taxonomy":"product_tag","embeddable":true,"href":"https:\/\/www.laperlavalles.cat\/es\/wp-json\/wp\/v2\/product_tag?post=189864"}],"curies":[{"name":"wp","href":"https:\/\/api.w.org\/{rel}","templated":true}]}}