{"id":189944,"date":"2025-03-17T15:01:52","date_gmt":"2025-03-17T14:02:04","guid":{"rendered":"https:\/\/www.laperlavalles.cat\/product\/queen-helene-mint-julep-natural-facial-scrub-6oz\/"},"modified":"2025-03-17T15:06:40","modified_gmt":"2025-03-17T14:06:40","slug":"queen-helene-mint-julep-natural-facial-scrub-6oz","status":"publish","type":"product","link":"https:\/\/www.laperlavalles.cat\/es\/product\/queen-helene-mint-julep-natural-facial-scrub-6oz\/","title":{"rendered":"QUEEN HELENE MINT JULEP NATURAL FACIAL SCRUB 6OZ"},"content":{"rendered":"<p>Queen Helene Mint Julep Natural Facial Scrub es un exfoliante facial que ayuda a eliminar las c\u00e9lulas muertas de la piel, dej\u00e1ndola suave y fresca. Su f\u00f3rmula con extracto de menta proporciona una sensaci\u00f3n refrescante y ayuda a limpiar los poros en profundidad<\/p>\n","protected":false},"excerpt":{"rendered":"<p>Queen Helene Mint Julep Natural Facial Scrub es un exfoliante facial que ayuda a eliminar las c\u00e9lulas muertas de la piel, dej\u00e1ndola suave y fresca. Su<span class=\"excerpt-hellip\"> [\u2026]<\/span><\/p>\n","protected":false},"featured_media":189933,"comment_status":"open","ping_status":"closed","template":"","meta":[],"product_cat":[8403,8484],"product_tag":[],"_links":{"self":[{"href":"https:\/\/www.laperlavalles.cat\/es\/wp-json\/wp\/v2\/product\/189944"}],"collection":[{"href":"https:\/\/www.laperlavalles.cat\/es\/wp-json\/wp\/v2\/product"}],"about":[{"href":"https:\/\/www.laperlavalles.cat\/es\/wp-json\/wp\/v2\/types\/product"}],"replies":[{"embeddable":true,"href":"https:\/\/www.laperlavalles.cat\/es\/wp-json\/wp\/v2\/comments?post=189944"}],"wp:featuredmedia":[{"embeddable":true,"href":"https:\/\/www.laperlavalles.cat\/es\/wp-json\/wp\/v2\/media\/189933"}],"wp:attachment":[{"href":"https:\/\/www.laperlavalles.cat\/es\/wp-json\/wp\/v2\/media?parent=189944"}],"wp:term":[{"taxonomy":"product_cat","embeddable":true,"href":"https:\/\/www.laperlavalles.cat\/es\/wp-json\/wp\/v2\/product_cat?post=189944"},{"taxonomy":"product_tag","embeddable":true,"href":"https:\/\/www.laperlavalles.cat\/es\/wp-json\/wp\/v2\/product_tag?post=189944"}],"curies":[{"name":"wp","href":"https:\/\/api.w.org\/{rel}","templated":true}]}}