{"id":190024,"date":"2025-03-17T15:30:35","date_gmt":"2025-03-17T14:30:48","guid":{"rendered":"https:\/\/www.laperlavalles.cat\/product\/queen-helene-cocoa-butter-body-oil-10oz\/"},"modified":"2025-03-17T15:38:56","modified_gmt":"2025-03-17T14:38:56","slug":"queen-helene-cocoa-butter-body-oil-10oz","status":"publish","type":"product","link":"https:\/\/www.laperlavalles.cat\/es\/product\/queen-helene-cocoa-butter-body-oil-10oz\/","title":{"rendered":"QUEEN HELENE COCOA BUTTER BODY OIL 10OZ"},"content":{"rendered":"<p>El Queen Helene Cocoa Butter Body Oil es un aceite corporal enriquecido con manteca de cacao y vitamina E, formulado para hidratar profundamente la piel seca y \u00e1spera. Su textura ligera se absorbe f\u00e1cilmente, dejando la piel suave y nutrida. Ideal para aplicar despu\u00e9s del ba\u00f1o, como aceite de masaje o a\u00f1adido al agua del ba\u00f1o para una experiencia relajante.<\/p>\n","protected":false},"excerpt":{"rendered":"<p>El Queen Helene Cocoa Butter Body Oil es un aceite corporal enriquecido con manteca de cacao y vitamina E, formulado para hidratar profundamente la piel seca<span class=\"excerpt-hellip\"> [\u2026]<\/span><\/p>\n","protected":false},"featured_media":190013,"comment_status":"open","ping_status":"closed","template":"","meta":[],"product_cat":[8403,8484],"product_tag":[],"_links":{"self":[{"href":"https:\/\/www.laperlavalles.cat\/es\/wp-json\/wp\/v2\/product\/190024"}],"collection":[{"href":"https:\/\/www.laperlavalles.cat\/es\/wp-json\/wp\/v2\/product"}],"about":[{"href":"https:\/\/www.laperlavalles.cat\/es\/wp-json\/wp\/v2\/types\/product"}],"replies":[{"embeddable":true,"href":"https:\/\/www.laperlavalles.cat\/es\/wp-json\/wp\/v2\/comments?post=190024"}],"wp:featuredmedia":[{"embeddable":true,"href":"https:\/\/www.laperlavalles.cat\/es\/wp-json\/wp\/v2\/media\/190013"}],"wp:attachment":[{"href":"https:\/\/www.laperlavalles.cat\/es\/wp-json\/wp\/v2\/media?parent=190024"}],"wp:term":[{"taxonomy":"product_cat","embeddable":true,"href":"https:\/\/www.laperlavalles.cat\/es\/wp-json\/wp\/v2\/product_cat?post=190024"},{"taxonomy":"product_tag","embeddable":true,"href":"https:\/\/www.laperlavalles.cat\/es\/wp-json\/wp\/v2\/product_tag?post=190024"}],"curies":[{"name":"wp","href":"https:\/\/api.w.org\/{rel}","templated":true}]}}