{"id":190104,"date":"2025-03-17T15:35:34","date_gmt":"2025-03-17T14:35:45","guid":{"rendered":"https:\/\/www.laperlavalles.cat\/product\/queen-helene-mud-pack-masque-6oz\/"},"modified":"2025-03-17T15:44:15","modified_gmt":"2025-03-17T14:44:15","slug":"queen-helene-mud-pack-masque-6oz","status":"publish","type":"product","link":"https:\/\/www.laperlavalles.cat\/es\/product\/queen-helene-mud-pack-masque-6oz\/","title":{"rendered":"QUEEN HELENE MUD PACK MASQUE 6OZ"},"content":{"rendered":"<p>Queen Helene Mud Pack Masque es una mascarilla facial cl\u00e1sica formulada con arcilla natural inglesa que ayuda a limpiar profundamente la piel, eliminando impurezas y toxinas. Esta mascarilla tambi\u00e9n ayuda a tensar la piel fl\u00e1cida del rostro y el cuello, relajando los m\u00fasculos faciales cansados para suavizar l\u00edneas y arrugas. Despu\u00e9s de su uso, la piel se siente fresca, suave y rejuvenecida, con una apariencia m\u00e1s clara y juvenil.<\/p>\n","protected":false},"excerpt":{"rendered":"<p>Queen Helene Mud Pack Masque es una mascarilla facial cl\u00e1sica formulada con arcilla natural inglesa que ayuda a limpiar profundamente la piel, eliminando impurezas y toxinas.<span class=\"excerpt-hellip\"> [\u2026]<\/span><\/p>\n","protected":false},"featured_media":190093,"comment_status":"open","ping_status":"closed","template":"","meta":[],"product_cat":[8403,8484],"product_tag":[],"_links":{"self":[{"href":"https:\/\/www.laperlavalles.cat\/es\/wp-json\/wp\/v2\/product\/190104"}],"collection":[{"href":"https:\/\/www.laperlavalles.cat\/es\/wp-json\/wp\/v2\/product"}],"about":[{"href":"https:\/\/www.laperlavalles.cat\/es\/wp-json\/wp\/v2\/types\/product"}],"replies":[{"embeddable":true,"href":"https:\/\/www.laperlavalles.cat\/es\/wp-json\/wp\/v2\/comments?post=190104"}],"wp:featuredmedia":[{"embeddable":true,"href":"https:\/\/www.laperlavalles.cat\/es\/wp-json\/wp\/v2\/media\/190093"}],"wp:attachment":[{"href":"https:\/\/www.laperlavalles.cat\/es\/wp-json\/wp\/v2\/media?parent=190104"}],"wp:term":[{"taxonomy":"product_cat","embeddable":true,"href":"https:\/\/www.laperlavalles.cat\/es\/wp-json\/wp\/v2\/product_cat?post=190104"},{"taxonomy":"product_tag","embeddable":true,"href":"https:\/\/www.laperlavalles.cat\/es\/wp-json\/wp\/v2\/product_tag?post=190104"}],"curies":[{"name":"wp","href":"https:\/\/api.w.org\/{rel}","templated":true}]}}