{"id":190124,"date":"2025-03-17T15:36:48","date_gmt":"2025-03-17T14:37:00","guid":{"rendered":"https:\/\/www.laperlavalles.cat\/product\/queen-helene-olive-oil-hot-oil-treatment-1oz\/"},"modified":"2026-01-22T11:58:03","modified_gmt":"2026-01-22T10:58:03","slug":"queen-helene-olive-oil-hot-oil-treatment-1oz","status":"publish","type":"product","link":"https:\/\/www.laperlavalles.cat\/es\/product\/queen-helene-olive-oil-hot-oil-treatment-1oz\/","title":{"rendered":"QUEEN HELENE OLIVE OIL HOT OIL TREATMENT 1OZ"},"content":{"rendered":"<p>El Queen Helene Olive Oil Hot Oil Treatment es un tratamiento intensivo con aceite de oliva, dise\u00f1ado para reparar y nutrir el cabello seco y da\u00f1ado. Su f\u00f3rmula penetra profundamente, aportando hidrataci\u00f3n y suavidad, mientras restaura el brillo natural del cabello. Ideal para usar como tratamiento caliente para revitalizar y fortalecer el cabello.<\/p>\n","protected":false},"excerpt":{"rendered":"<p>El Queen Helene Olive Oil Hot Oil Treatment es un tratamiento intensivo con aceite de oliva, dise\u00f1ado para reparar y nutrir el cabello seco y da\u00f1ado.<span class=\"excerpt-hellip\"> [\u2026]<\/span><\/p>\n","protected":false},"featured_media":190113,"comment_status":"open","ping_status":"closed","template":"","meta":[],"product_cat":[8403,24330],"product_tag":[],"_links":{"self":[{"href":"https:\/\/www.laperlavalles.cat\/es\/wp-json\/wp\/v2\/product\/190124"}],"collection":[{"href":"https:\/\/www.laperlavalles.cat\/es\/wp-json\/wp\/v2\/product"}],"about":[{"href":"https:\/\/www.laperlavalles.cat\/es\/wp-json\/wp\/v2\/types\/product"}],"replies":[{"embeddable":true,"href":"https:\/\/www.laperlavalles.cat\/es\/wp-json\/wp\/v2\/comments?post=190124"}],"wp:featuredmedia":[{"embeddable":true,"href":"https:\/\/www.laperlavalles.cat\/es\/wp-json\/wp\/v2\/media\/190113"}],"wp:attachment":[{"href":"https:\/\/www.laperlavalles.cat\/es\/wp-json\/wp\/v2\/media?parent=190124"}],"wp:term":[{"taxonomy":"product_cat","embeddable":true,"href":"https:\/\/www.laperlavalles.cat\/es\/wp-json\/wp\/v2\/product_cat?post=190124"},{"taxonomy":"product_tag","embeddable":true,"href":"https:\/\/www.laperlavalles.cat\/es\/wp-json\/wp\/v2\/product_tag?post=190124"}],"curies":[{"name":"wp","href":"https:\/\/api.w.org\/{rel}","templated":true}]}}