{"id":190184,"date":"2025-03-19T09:20:36","date_gmt":"2025-03-19T08:20:48","guid":{"rendered":"https:\/\/www.laperlavalles.cat\/product\/shea-moisture-jbco-srengthen-restore-shampoo-384ml\/"},"modified":"2025-09-17T15:42:26","modified_gmt":"2025-09-17T13:42:26","slug":"shea-moisture-jbco-srengthen-restore-shampoo-384ml","status":"publish","type":"product","link":"https:\/\/www.laperlavalles.cat\/es\/product\/shea-moisture-jbco-srengthen-restore-shampoo-384ml\/","title":{"rendered":"SHEA MOISTURE JBCO SRENGTHEN &amp; RESTORE SHAMPOO 384ML"},"content":{"rendered":"<p>El Shea Moisture JBCO Strengthen &amp; Restore Champ\u00fa est\u00e1 formulado con aceite de ricino negro de Jamaica, manteca de karit\u00e9 org\u00e1nica y vinagre de manzana para limpiar suavemente el cabello y el cuero cabelludo mientras los fortalece. Ayuda a reducir la caspa, mejorar la elasticidad y reparar el cabello da\u00f1ado o tratado qu\u00edmicamente. Ideal para cabellos rizados, en transici\u00f3n o debilitados.<\/p>\n","protected":false},"excerpt":{"rendered":"<p>El Shea Moisture JBCO Strengthen &amp; Restore Champ\u00fa est\u00e1 formulado con aceite de ricino negro de Jamaica, manteca de karit\u00e9 org\u00e1nica y vinagre de manzana para<span class=\"excerpt-hellip\"> [\u2026]<\/span><\/p>\n","protected":false},"featured_media":190173,"comment_status":"open","ping_status":"closed","template":"","meta":[],"product_cat":[8403,24330],"product_tag":[],"_links":{"self":[{"href":"https:\/\/www.laperlavalles.cat\/es\/wp-json\/wp\/v2\/product\/190184"}],"collection":[{"href":"https:\/\/www.laperlavalles.cat\/es\/wp-json\/wp\/v2\/product"}],"about":[{"href":"https:\/\/www.laperlavalles.cat\/es\/wp-json\/wp\/v2\/types\/product"}],"replies":[{"embeddable":true,"href":"https:\/\/www.laperlavalles.cat\/es\/wp-json\/wp\/v2\/comments?post=190184"}],"wp:featuredmedia":[{"embeddable":true,"href":"https:\/\/www.laperlavalles.cat\/es\/wp-json\/wp\/v2\/media\/190173"}],"wp:attachment":[{"href":"https:\/\/www.laperlavalles.cat\/es\/wp-json\/wp\/v2\/media?parent=190184"}],"wp:term":[{"taxonomy":"product_cat","embeddable":true,"href":"https:\/\/www.laperlavalles.cat\/es\/wp-json\/wp\/v2\/product_cat?post=190184"},{"taxonomy":"product_tag","embeddable":true,"href":"https:\/\/www.laperlavalles.cat\/es\/wp-json\/wp\/v2\/product_tag?post=190184"}],"curies":[{"name":"wp","href":"https:\/\/api.w.org\/{rel}","templated":true}]}}