{"id":190204,"date":"2025-03-19T09:21:41","date_gmt":"2025-03-19T08:21:54","guid":{"rendered":"https:\/\/www.laperlavalles.cat\/product\/shea-moisture-jbco-strengthen-restore-leave-in-conditioner-340ml\/"},"modified":"2026-01-14T10:23:17","modified_gmt":"2026-01-14T09:23:17","slug":"shea-moisture-jbco-strengthen-restore-leave-in-conditioner-340ml","status":"publish","type":"product","link":"https:\/\/www.laperlavalles.cat\/es\/product\/shea-moisture-jbco-strengthen-restore-leave-in-conditioner-340ml\/","title":{"rendered":"SHEA MOISTURE JBCO STRENGTHEN &amp; RESTORE LEAVE-IN CONDITIONER 340ML"},"content":{"rendered":"<p>El Shea Moisture JBCO Strengthen &amp; Restore Leave-In Conditioner es un acondicionador sin enjuague enriquecido con aceite de ricino negro de Jamaica, manteca de karit\u00e9 org\u00e1nica y prote\u00edna de queratina. Hidrata profundamente, desenreda y fortalece el cabello da\u00f1ado o tratado qu\u00edmicamente. Ayuda a reducir la rotura y mejorar la elasticidad, dejando el cabello suave y manejable.<\/p>\n","protected":false},"excerpt":{"rendered":"<p>El Shea Moisture JBCO Strengthen &amp; Restore Leave-In Conditioner es un acondicionador sin enjuague enriquecido con aceite de ricino negro de Jamaica, manteca de karit\u00e9 org\u00e1nica<span class=\"excerpt-hellip\"> [\u2026]<\/span><\/p>\n","protected":false},"featured_media":190193,"comment_status":"open","ping_status":"closed","template":"","meta":[],"product_cat":[8403,24330],"product_tag":[],"_links":{"self":[{"href":"https:\/\/www.laperlavalles.cat\/es\/wp-json\/wp\/v2\/product\/190204"}],"collection":[{"href":"https:\/\/www.laperlavalles.cat\/es\/wp-json\/wp\/v2\/product"}],"about":[{"href":"https:\/\/www.laperlavalles.cat\/es\/wp-json\/wp\/v2\/types\/product"}],"replies":[{"embeddable":true,"href":"https:\/\/www.laperlavalles.cat\/es\/wp-json\/wp\/v2\/comments?post=190204"}],"wp:featuredmedia":[{"embeddable":true,"href":"https:\/\/www.laperlavalles.cat\/es\/wp-json\/wp\/v2\/media\/190193"}],"wp:attachment":[{"href":"https:\/\/www.laperlavalles.cat\/es\/wp-json\/wp\/v2\/media?parent=190204"}],"wp:term":[{"taxonomy":"product_cat","embeddable":true,"href":"https:\/\/www.laperlavalles.cat\/es\/wp-json\/wp\/v2\/product_cat?post=190204"},{"taxonomy":"product_tag","embeddable":true,"href":"https:\/\/www.laperlavalles.cat\/es\/wp-json\/wp\/v2\/product_tag?post=190204"}],"curies":[{"name":"wp","href":"https:\/\/api.w.org\/{rel}","templated":true}]}}