{"id":190224,"date":"2025-03-19T10:10:36","date_gmt":"2025-03-19T09:10:48","guid":{"rendered":"https:\/\/www.laperlavalles.cat\/product\/shea-moisture-jbco-strengthen-restore-conditioner-384ml\/"},"modified":"2025-09-17T15:54:46","modified_gmt":"2025-09-17T13:54:46","slug":"shea-moisture-jbco-strengthen-restore-conditioner-384ml","status":"publish","type":"product","link":"https:\/\/www.laperlavalles.cat\/es\/product\/shea-moisture-jbco-strengthen-restore-conditioner-384ml\/","title":{"rendered":"SHEA MOISTURE JBCO STRENGTHEN &amp; RESTORE CONDITIONER 384ML"},"content":{"rendered":"<p>El SHEA MOISTURE JBCO STRENGTHEN &amp; RESTORE CONDITIONER 384ML es un acondicionador fortalecedor dise\u00f1ado para nutrir, desenredar y reparar el cabello da\u00f1ado o tratado qu\u00edmicamente. Enriquecido con aceite de ricino negro de Jamaica, manteca de karit\u00e9 y vinagre de sidra de manzana, fortalece la fibra capilar mientras aporta suavidad y brillo. Ideal para cabellos rizados, afros o en transici\u00f3n.<\/p>\n","protected":false},"excerpt":{"rendered":"<p>El SHEA MOISTURE JBCO STRENGTHEN &amp; RESTORE CONDITIONER 384ML es un acondicionador fortalecedor dise\u00f1ado para nutrir, desenredar y reparar el cabello da\u00f1ado o tratado qu\u00edmicamente. Enriquecido<span class=\"excerpt-hellip\"> [\u2026]<\/span><\/p>\n","protected":false},"featured_media":190213,"comment_status":"open","ping_status":"closed","template":"","meta":[],"product_cat":[8403,24330],"product_tag":[],"_links":{"self":[{"href":"https:\/\/www.laperlavalles.cat\/es\/wp-json\/wp\/v2\/product\/190224"}],"collection":[{"href":"https:\/\/www.laperlavalles.cat\/es\/wp-json\/wp\/v2\/product"}],"about":[{"href":"https:\/\/www.laperlavalles.cat\/es\/wp-json\/wp\/v2\/types\/product"}],"replies":[{"embeddable":true,"href":"https:\/\/www.laperlavalles.cat\/es\/wp-json\/wp\/v2\/comments?post=190224"}],"wp:featuredmedia":[{"embeddable":true,"href":"https:\/\/www.laperlavalles.cat\/es\/wp-json\/wp\/v2\/media\/190213"}],"wp:attachment":[{"href":"https:\/\/www.laperlavalles.cat\/es\/wp-json\/wp\/v2\/media?parent=190224"}],"wp:term":[{"taxonomy":"product_cat","embeddable":true,"href":"https:\/\/www.laperlavalles.cat\/es\/wp-json\/wp\/v2\/product_cat?post=190224"},{"taxonomy":"product_tag","embeddable":true,"href":"https:\/\/www.laperlavalles.cat\/es\/wp-json\/wp\/v2\/product_tag?post=190224"}],"curies":[{"name":"wp","href":"https:\/\/api.w.org\/{rel}","templated":true}]}}