{"id":190244,"date":"2025-03-19T10:11:41","date_gmt":"2025-03-19T09:11:53","guid":{"rendered":"https:\/\/www.laperlavalles.cat\/product\/shea-moisture-manuka-honeyyogurt-xampu-384ml\/"},"modified":"2025-09-17T15:56:16","modified_gmt":"2025-09-17T13:56:16","slug":"shea-moisture-manuka-honeyyogurt-xampu-384ml","status":"publish","type":"product","link":"https:\/\/www.laperlavalles.cat\/es\/product\/shea-moisture-manuka-honeyyogurt-xampu-384ml\/","title":{"rendered":"SHEA MOISTURE MANUKA HONEY&amp;YOGURT XAMP\u00da 384ML"},"content":{"rendered":"<p>El SHEA MOISTURE MANUKA HONEY &amp; YOGURT SHAMPOO 384ML es un champ\u00fa ultra nutritivo que limpia suavemente mientras fortalece el cabello fr\u00e1gil. Con miel de Manuka, yogur y manteca de karit\u00e9, aporta hidrataci\u00f3n intensa y ayuda a restaurar la fuerza y elasticidad del cabello da\u00f1ado. Perfecto para cabellos secos y quebradizos.<\/p>\n","protected":false},"excerpt":{"rendered":"<p>El SHEA MOISTURE MANUKA HONEY &amp; YOGURT SHAMPOO 384ML es un champ\u00fa ultra nutritivo que limpia suavemente mientras fortalece el cabello fr\u00e1gil. Con miel de Manuka,<span class=\"excerpt-hellip\"> [\u2026]<\/span><\/p>\n","protected":false},"featured_media":190233,"comment_status":"open","ping_status":"closed","template":"","meta":[],"product_cat":[8403,24330],"product_tag":[],"_links":{"self":[{"href":"https:\/\/www.laperlavalles.cat\/es\/wp-json\/wp\/v2\/product\/190244"}],"collection":[{"href":"https:\/\/www.laperlavalles.cat\/es\/wp-json\/wp\/v2\/product"}],"about":[{"href":"https:\/\/www.laperlavalles.cat\/es\/wp-json\/wp\/v2\/types\/product"}],"replies":[{"embeddable":true,"href":"https:\/\/www.laperlavalles.cat\/es\/wp-json\/wp\/v2\/comments?post=190244"}],"wp:featuredmedia":[{"embeddable":true,"href":"https:\/\/www.laperlavalles.cat\/es\/wp-json\/wp\/v2\/media\/190233"}],"wp:attachment":[{"href":"https:\/\/www.laperlavalles.cat\/es\/wp-json\/wp\/v2\/media?parent=190244"}],"wp:term":[{"taxonomy":"product_cat","embeddable":true,"href":"https:\/\/www.laperlavalles.cat\/es\/wp-json\/wp\/v2\/product_cat?post=190244"},{"taxonomy":"product_tag","embeddable":true,"href":"https:\/\/www.laperlavalles.cat\/es\/wp-json\/wp\/v2\/product_tag?post=190244"}],"curies":[{"name":"wp","href":"https:\/\/api.w.org\/{rel}","templated":true}]}}