{"id":190264,"date":"2025-03-19T10:12:44","date_gmt":"2025-03-19T09:12:56","guid":{"rendered":"https:\/\/www.laperlavalles.cat\/product\/shea-moisture-manuka-honey-yogurt-leave-in-conditioner-237ml\/"},"modified":"2025-09-17T15:57:46","modified_gmt":"2025-09-17T13:57:46","slug":"shea-moisture-manuka-honey-yogurt-leave-in-conditioner-237ml","status":"publish","type":"product","link":"https:\/\/www.laperlavalles.cat\/es\/product\/shea-moisture-manuka-honey-yogurt-leave-in-conditioner-237ml\/","title":{"rendered":"SHEA MOISTURE MANUKA HONEY &amp; YOGURT LEAVE-IN CONDITIONER 237ML"},"content":{"rendered":"<p>El SHEA MOISTURE MANUKA HONEY &amp; YOGURT LEAVE-IN 237ML es un tratamiento sin enjuague dise\u00f1ado para hidratar y fortalecer el cabello fr\u00e1gil y da\u00f1ado. Su f\u00f3rmula con miel de Manuka, yogur y manteca de karit\u00e9 ayuda a desenredar, nutrir y proteger la fibra capilar, reduciendo la rotura. Ideal para cabellos secos y quebradizos.<\/p>\n","protected":false},"excerpt":{"rendered":"<p>El SHEA MOISTURE MANUKA HONEY &amp; YOGURT LEAVE-IN 237ML es un tratamiento sin enjuague dise\u00f1ado para hidratar y fortalecer el cabello fr\u00e1gil y da\u00f1ado. Su f\u00f3rmula<span class=\"excerpt-hellip\"> [\u2026]<\/span><\/p>\n","protected":false},"featured_media":190253,"comment_status":"open","ping_status":"closed","template":"","meta":[],"product_cat":[8403,24330],"product_tag":[],"_links":{"self":[{"href":"https:\/\/www.laperlavalles.cat\/es\/wp-json\/wp\/v2\/product\/190264"}],"collection":[{"href":"https:\/\/www.laperlavalles.cat\/es\/wp-json\/wp\/v2\/product"}],"about":[{"href":"https:\/\/www.laperlavalles.cat\/es\/wp-json\/wp\/v2\/types\/product"}],"replies":[{"embeddable":true,"href":"https:\/\/www.laperlavalles.cat\/es\/wp-json\/wp\/v2\/comments?post=190264"}],"wp:featuredmedia":[{"embeddable":true,"href":"https:\/\/www.laperlavalles.cat\/es\/wp-json\/wp\/v2\/media\/190253"}],"wp:attachment":[{"href":"https:\/\/www.laperlavalles.cat\/es\/wp-json\/wp\/v2\/media?parent=190264"}],"wp:term":[{"taxonomy":"product_cat","embeddable":true,"href":"https:\/\/www.laperlavalles.cat\/es\/wp-json\/wp\/v2\/product_cat?post=190264"},{"taxonomy":"product_tag","embeddable":true,"href":"https:\/\/www.laperlavalles.cat\/es\/wp-json\/wp\/v2\/product_tag?post=190264"}],"curies":[{"name":"wp","href":"https:\/\/api.w.org\/{rel}","templated":true}]}}