{"id":190284,"date":"2025-03-19T10:20:36","date_gmt":"2025-03-19T09:20:48","guid":{"rendered":"https:\/\/www.laperlavalles.cat\/product\/shea-moisture-ch-curl-defining-gel-431ml\/"},"modified":"2025-03-19T10:26:38","modified_gmt":"2025-03-19T09:26:38","slug":"shea-moisture-ch-curl-defining-gel-431ml","status":"publish","type":"product","link":"https:\/\/www.laperlavalles.cat\/es\/product\/shea-moisture-ch-curl-defining-gel-431ml\/","title":{"rendered":"SHEA MOISTURE C&amp;H CURL DEFINING GEL 431ML"},"content":{"rendered":"<p>El SHEA MOISTURE C&amp;H CURL DEFINING GEL 431ML es un gel de peinado dise\u00f1ado para definir y fijar los rizos sin dejar sensaci\u00f3n r\u00edgida. Su f\u00f3rmula con manteca de karit\u00e9, aceite de coco y extractos bot\u00e1nicos nutre el cabello, aporta brillo y reduce el encrespamiento. Ideal para cabellos rizados, afro y ondulados.<\/p>\n","protected":false},"excerpt":{"rendered":"<p>El SHEA MOISTURE C&amp;H CURL DEFINING GEL 431ML es un gel de peinado dise\u00f1ado para definir y fijar los rizos sin dejar sensaci\u00f3n r\u00edgida. Su f\u00f3rmula<span class=\"excerpt-hellip\"> [\u2026]<\/span><\/p>\n","protected":false},"featured_media":190273,"comment_status":"open","ping_status":"closed","template":"","meta":[],"product_cat":[8403,24330],"product_tag":[],"_links":{"self":[{"href":"https:\/\/www.laperlavalles.cat\/es\/wp-json\/wp\/v2\/product\/190284"}],"collection":[{"href":"https:\/\/www.laperlavalles.cat\/es\/wp-json\/wp\/v2\/product"}],"about":[{"href":"https:\/\/www.laperlavalles.cat\/es\/wp-json\/wp\/v2\/types\/product"}],"replies":[{"embeddable":true,"href":"https:\/\/www.laperlavalles.cat\/es\/wp-json\/wp\/v2\/comments?post=190284"}],"wp:featuredmedia":[{"embeddable":true,"href":"https:\/\/www.laperlavalles.cat\/es\/wp-json\/wp\/v2\/media\/190273"}],"wp:attachment":[{"href":"https:\/\/www.laperlavalles.cat\/es\/wp-json\/wp\/v2\/media?parent=190284"}],"wp:term":[{"taxonomy":"product_cat","embeddable":true,"href":"https:\/\/www.laperlavalles.cat\/es\/wp-json\/wp\/v2\/product_cat?post=190284"},{"taxonomy":"product_tag","embeddable":true,"href":"https:\/\/www.laperlavalles.cat\/es\/wp-json\/wp\/v2\/product_tag?post=190284"}],"curies":[{"name":"wp","href":"https:\/\/api.w.org\/{rel}","templated":true}]}}