{"id":190324,"date":"2025-03-19T10:23:04","date_gmt":"2025-03-19T09:23:16","guid":{"rendered":"https:\/\/www.laperlavalles.cat\/product\/shea-moisture-manuka-honeyyogurt-hydrepair-protein-treatment-355ml\/"},"modified":"2025-03-19T10:29:06","modified_gmt":"2025-03-19T09:29:06","slug":"shea-moisture-manuka-honeyyogurt-hydrepair-protein-treatment-355ml","status":"publish","type":"product","link":"https:\/\/www.laperlavalles.cat\/es\/product\/shea-moisture-manuka-honeyyogurt-hydrepair-protein-treatment-355ml\/","title":{"rendered":"SHEA MOISTURE MANUKA HONEY&amp;YOGURT HYD&amp;REPAIR PROTEIN TREATMENT 355ML"},"content":{"rendered":"<p>El SHEA MOISTURE MANUKA HONEY &amp; YOGURT HYDRATE &amp; REPAIR PROTEIN TREATMENT 355ML es un tratamiento intensivo con miel de manuka y yogur. Repara y fortalece el cabello da\u00f1ado con una f\u00f3rmula rica en prote\u00ednas, proporcionando hidrataci\u00f3n profunda y suavidad. Ideal para restaurar la vitalidad del cabello fr\u00e1gil y quebradizo.<\/p>\n","protected":false},"excerpt":{"rendered":"<p>El SHEA MOISTURE MANUKA HONEY &amp; YOGURT HYDRATE &amp; REPAIR PROTEIN TREATMENT 355ML es un tratamiento intensivo con miel de manuka y yogur. Repara y fortalece<span class=\"excerpt-hellip\"> [\u2026]<\/span><\/p>\n","protected":false},"featured_media":190313,"comment_status":"open","ping_status":"closed","template":"","meta":[],"product_cat":[8403,24330],"product_tag":[],"_links":{"self":[{"href":"https:\/\/www.laperlavalles.cat\/es\/wp-json\/wp\/v2\/product\/190324"}],"collection":[{"href":"https:\/\/www.laperlavalles.cat\/es\/wp-json\/wp\/v2\/product"}],"about":[{"href":"https:\/\/www.laperlavalles.cat\/es\/wp-json\/wp\/v2\/types\/product"}],"replies":[{"embeddable":true,"href":"https:\/\/www.laperlavalles.cat\/es\/wp-json\/wp\/v2\/comments?post=190324"}],"wp:featuredmedia":[{"embeddable":true,"href":"https:\/\/www.laperlavalles.cat\/es\/wp-json\/wp\/v2\/media\/190313"}],"wp:attachment":[{"href":"https:\/\/www.laperlavalles.cat\/es\/wp-json\/wp\/v2\/media?parent=190324"}],"wp:term":[{"taxonomy":"product_cat","embeddable":true,"href":"https:\/\/www.laperlavalles.cat\/es\/wp-json\/wp\/v2\/product_cat?post=190324"},{"taxonomy":"product_tag","embeddable":true,"href":"https:\/\/www.laperlavalles.cat\/es\/wp-json\/wp\/v2\/product_tag?post=190324"}],"curies":[{"name":"wp","href":"https:\/\/api.w.org\/{rel}","templated":true}]}}