{"id":190364,"date":"2025-03-19T10:30:36","date_gmt":"2025-03-19T09:30:47","guid":{"rendered":"https:\/\/www.laperlavalles.cat\/product\/hawaiian-silky-14-in-1-shampoo-474ml\/"},"modified":"2025-05-13T16:52:05","modified_gmt":"2025-05-13T14:52:05","slug":"hawaiian-silky-14-in-1-shampoo-474ml","status":"publish","type":"product","link":"https:\/\/www.laperlavalles.cat\/es\/product\/hawaiian-silky-14-in-1-shampoo-474ml\/","title":{"rendered":"HAWAIIAN SILKY 14-IN-1 SHAMPOO 474ML"},"content":{"rendered":"<p>El HAWAIIAN SILKY 14-IN-1 SHAMPOO 474ML es un champ\u00fa hidratante y nutritivo, ideal para cabellos secos y da\u00f1ados. Su f\u00f3rmula 14 en 1 limpia suavemente, fortalece el cabello y proporciona una hidrataci\u00f3n profunda para mayor suavidad y brillo.<\/p>\n","protected":false},"excerpt":{"rendered":"<p>El HAWAIIAN SILKY 14-IN-1 SHAMPOO 474ML es un champ\u00fa hidratante y nutritivo, ideal para cabellos secos y da\u00f1ados. Su f\u00f3rmula 14 en 1 limpia suavemente, fortalece<span class=\"excerpt-hellip\"> [\u2026]<\/span><\/p>\n","protected":false},"featured_media":190353,"comment_status":"open","ping_status":"closed","template":"","meta":[],"product_cat":[8403,24330],"product_tag":[],"_links":{"self":[{"href":"https:\/\/www.laperlavalles.cat\/es\/wp-json\/wp\/v2\/product\/190364"}],"collection":[{"href":"https:\/\/www.laperlavalles.cat\/es\/wp-json\/wp\/v2\/product"}],"about":[{"href":"https:\/\/www.laperlavalles.cat\/es\/wp-json\/wp\/v2\/types\/product"}],"replies":[{"embeddable":true,"href":"https:\/\/www.laperlavalles.cat\/es\/wp-json\/wp\/v2\/comments?post=190364"}],"wp:featuredmedia":[{"embeddable":true,"href":"https:\/\/www.laperlavalles.cat\/es\/wp-json\/wp\/v2\/media\/190353"}],"wp:attachment":[{"href":"https:\/\/www.laperlavalles.cat\/es\/wp-json\/wp\/v2\/media?parent=190364"}],"wp:term":[{"taxonomy":"product_cat","embeddable":true,"href":"https:\/\/www.laperlavalles.cat\/es\/wp-json\/wp\/v2\/product_cat?post=190364"},{"taxonomy":"product_tag","embeddable":true,"href":"https:\/\/www.laperlavalles.cat\/es\/wp-json\/wp\/v2\/product_tag?post=190364"}],"curies":[{"name":"wp","href":"https:\/\/api.w.org\/{rel}","templated":true}]}}