{"id":190444,"date":"2025-03-19T10:36:33","date_gmt":"2025-03-19T09:36:45","guid":{"rendered":"https:\/\/www.laperlavalles.cat\/product\/shea-moisture-shea-butter-rest-conditioner-384ml\/"},"modified":"2025-03-19T10:54:10","modified_gmt":"2025-03-19T09:54:10","slug":"shea-moisture-shea-butter-rest-conditioner-384ml","status":"publish","type":"product","link":"https:\/\/www.laperlavalles.cat\/es\/product\/shea-moisture-shea-butter-rest-conditioner-384ml\/","title":{"rendered":"SHEA MOISTURE SHEA BUTTER REST CONDITIONER 384ML"},"content":{"rendered":"<p>El SHEA MOISTURE SHEA BUTTER REST CONDITIONER 384ML repara e hidrata el cabello seco y da\u00f1ado. Su f\u00f3rmula con manteca de karit\u00e9 nutre profundamente, desenreda y devuelve la suavidad y el brillo al cabello.<\/p>\n","protected":false},"excerpt":{"rendered":"<p>El SHEA MOISTURE SHEA BUTTER REST CONDITIONER 384ML repara e hidrata el cabello seco y da\u00f1ado. Su f\u00f3rmula con manteca de karit\u00e9 nutre profundamente, desenreda y<span class=\"excerpt-hellip\"> [\u2026]<\/span><\/p>\n","protected":false},"featured_media":190433,"comment_status":"open","ping_status":"closed","template":"","meta":[],"product_cat":[8403,24330],"product_tag":[],"_links":{"self":[{"href":"https:\/\/www.laperlavalles.cat\/es\/wp-json\/wp\/v2\/product\/190444"}],"collection":[{"href":"https:\/\/www.laperlavalles.cat\/es\/wp-json\/wp\/v2\/product"}],"about":[{"href":"https:\/\/www.laperlavalles.cat\/es\/wp-json\/wp\/v2\/types\/product"}],"replies":[{"embeddable":true,"href":"https:\/\/www.laperlavalles.cat\/es\/wp-json\/wp\/v2\/comments?post=190444"}],"wp:featuredmedia":[{"embeddable":true,"href":"https:\/\/www.laperlavalles.cat\/es\/wp-json\/wp\/v2\/media\/190433"}],"wp:attachment":[{"href":"https:\/\/www.laperlavalles.cat\/es\/wp-json\/wp\/v2\/media?parent=190444"}],"wp:term":[{"taxonomy":"product_cat","embeddable":true,"href":"https:\/\/www.laperlavalles.cat\/es\/wp-json\/wp\/v2\/product_cat?post=190444"},{"taxonomy":"product_tag","embeddable":true,"href":"https:\/\/www.laperlavalles.cat\/es\/wp-json\/wp\/v2\/product_tag?post=190444"}],"curies":[{"name":"wp","href":"https:\/\/api.w.org\/{rel}","templated":true}]}}