{"id":190484,"date":"2025-03-24T09:20:40","date_gmt":"2025-03-24T08:20:52","guid":{"rendered":"https:\/\/www.laperlavalles.cat\/product\/hawaiian-silky-14-in-1-repair-mascara-547g\/"},"modified":"2025-05-13T17:12:08","modified_gmt":"2025-05-13T15:12:08","slug":"hawaiian-silky-14-in-1-repair-mascara-547g","status":"publish","type":"product","link":"https:\/\/www.laperlavalles.cat\/es\/product\/hawaiian-silky-14-in-1-repair-mascara-547g\/","title":{"rendered":"HAWAIIAN SILKY 14-IN-1 REPAIR MASCARA 547G"},"content":{"rendered":"<p>La HAWAIIAN SILKY 14-IN-1 REPAIR MASCARA 547G es un tratamiento intensivo dise\u00f1ado para reparar y revitalizar el cabello seco y da\u00f1ado. Su f\u00f3rmula 14 en 1 hidrata profundamente, fortalece las hebras fr\u00e1giles y ayuda a restaurar la suavidad y el brillo natural.<\/p>\n","protected":false},"excerpt":{"rendered":"<p>La HAWAIIAN SILKY 14-IN-1 REPAIR MASCARA 547G es un tratamiento intensivo dise\u00f1ado para reparar y revitalizar el cabello seco y da\u00f1ado. Su f\u00f3rmula 14 en 1<span class=\"excerpt-hellip\"> [\u2026]<\/span><\/p>\n","protected":false},"featured_media":190473,"comment_status":"open","ping_status":"closed","template":"","meta":[],"product_cat":[8403,24330],"product_tag":[],"_links":{"self":[{"href":"https:\/\/www.laperlavalles.cat\/es\/wp-json\/wp\/v2\/product\/190484"}],"collection":[{"href":"https:\/\/www.laperlavalles.cat\/es\/wp-json\/wp\/v2\/product"}],"about":[{"href":"https:\/\/www.laperlavalles.cat\/es\/wp-json\/wp\/v2\/types\/product"}],"replies":[{"embeddable":true,"href":"https:\/\/www.laperlavalles.cat\/es\/wp-json\/wp\/v2\/comments?post=190484"}],"wp:featuredmedia":[{"embeddable":true,"href":"https:\/\/www.laperlavalles.cat\/es\/wp-json\/wp\/v2\/media\/190473"}],"wp:attachment":[{"href":"https:\/\/www.laperlavalles.cat\/es\/wp-json\/wp\/v2\/media?parent=190484"}],"wp:term":[{"taxonomy":"product_cat","embeddable":true,"href":"https:\/\/www.laperlavalles.cat\/es\/wp-json\/wp\/v2\/product_cat?post=190484"},{"taxonomy":"product_tag","embeddable":true,"href":"https:\/\/www.laperlavalles.cat\/es\/wp-json\/wp\/v2\/product_tag?post=190484"}],"curies":[{"name":"wp","href":"https:\/\/api.w.org\/{rel}","templated":true}]}}