{"id":190524,"date":"2025-03-24T09:23:53","date_gmt":"2025-03-24T08:24:05","guid":{"rendered":"https:\/\/www.laperlavalles.cat\/product\/hawaiian-silky-argan-oil-shampoo-414ml\/"},"modified":"2026-04-02T13:03:04","modified_gmt":"2026-04-02T11:03:04","slug":"hawaiian-silky-argan-oil-shampoo-414ml","status":"publish","type":"product","link":"https:\/\/www.laperlavalles.cat\/es\/product\/hawaiian-silky-argan-oil-shampoo-414ml\/","title":{"rendered":"HAWAIIAN SILKY ARGAN OIL SHAMPOO 414ML"},"content":{"rendered":"<p>El HAWAIIAN SILKY ARGAN OIL SHAMPOO 414ML limpia suavemente mientras nutre el cabello con aceite de arg\u00e1n. Aporta hidrataci\u00f3n profunda, reduce el frizz y deja el cabello suave, brillante y f\u00e1cil de manejar.<\/p>\n","protected":false},"excerpt":{"rendered":"<p>El HAWAIIAN SILKY ARGAN OIL SHAMPOO 414ML limpia suavemente mientras nutre el cabello con aceite de arg\u00e1n. Aporta hidrataci\u00f3n profunda, reduce el frizz y deja el<span class=\"excerpt-hellip\"> [\u2026]<\/span><\/p>\n","protected":false},"featured_media":190513,"comment_status":"open","ping_status":"closed","template":"","meta":[],"product_cat":[8403,24330],"product_tag":[],"_links":{"self":[{"href":"https:\/\/www.laperlavalles.cat\/es\/wp-json\/wp\/v2\/product\/190524"}],"collection":[{"href":"https:\/\/www.laperlavalles.cat\/es\/wp-json\/wp\/v2\/product"}],"about":[{"href":"https:\/\/www.laperlavalles.cat\/es\/wp-json\/wp\/v2\/types\/product"}],"replies":[{"embeddable":true,"href":"https:\/\/www.laperlavalles.cat\/es\/wp-json\/wp\/v2\/comments?post=190524"}],"wp:featuredmedia":[{"embeddable":true,"href":"https:\/\/www.laperlavalles.cat\/es\/wp-json\/wp\/v2\/media\/190513"}],"wp:attachment":[{"href":"https:\/\/www.laperlavalles.cat\/es\/wp-json\/wp\/v2\/media?parent=190524"}],"wp:term":[{"taxonomy":"product_cat","embeddable":true,"href":"https:\/\/www.laperlavalles.cat\/es\/wp-json\/wp\/v2\/product_cat?post=190524"},{"taxonomy":"product_tag","embeddable":true,"href":"https:\/\/www.laperlavalles.cat\/es\/wp-json\/wp\/v2\/product_tag?post=190524"}],"curies":[{"name":"wp","href":"https:\/\/api.w.org\/{rel}","templated":true}]}}