{"id":190564,"date":"2025-03-24T09:30:41","date_gmt":"2025-03-24T08:30:54","guid":{"rendered":"https:\/\/www.laperlavalles.cat\/product\/hawaiian-silky-argan-oil-masque-340g\/"},"modified":"2025-05-13T17:42:10","modified_gmt":"2025-05-13T15:42:10","slug":"hawaiian-silky-argan-oil-masque-340g","status":"publish","type":"product","link":"https:\/\/www.laperlavalles.cat\/es\/product\/hawaiian-silky-argan-oil-masque-340g\/","title":{"rendered":"HAWAIIAN SILKY ARGAN OIL MASQUE 340G"},"content":{"rendered":"<p>La HAWAIIAN SILKY ARGAN OIL MASCARA 340G es un tratamiento intensivo que nutre y repara el cabello seco y da\u00f1ado. Enriquecida con aceite de arg\u00e1n, restaura la hidrataci\u00f3n, aporta suavidad y brillo, y fortalece la fibra capilar.<\/p>\n","protected":false},"excerpt":{"rendered":"<p>La HAWAIIAN SILKY ARGAN OIL MASCARA 340G es un tratamiento intensivo que nutre y repara el cabello seco y da\u00f1ado. Enriquecida con aceite de arg\u00e1n, restaura<span class=\"excerpt-hellip\"> [\u2026]<\/span><\/p>\n","protected":false},"featured_media":190553,"comment_status":"open","ping_status":"closed","template":"","meta":[],"product_cat":[8403,24330],"product_tag":[],"_links":{"self":[{"href":"https:\/\/www.laperlavalles.cat\/es\/wp-json\/wp\/v2\/product\/190564"}],"collection":[{"href":"https:\/\/www.laperlavalles.cat\/es\/wp-json\/wp\/v2\/product"}],"about":[{"href":"https:\/\/www.laperlavalles.cat\/es\/wp-json\/wp\/v2\/types\/product"}],"replies":[{"embeddable":true,"href":"https:\/\/www.laperlavalles.cat\/es\/wp-json\/wp\/v2\/comments?post=190564"}],"wp:featuredmedia":[{"embeddable":true,"href":"https:\/\/www.laperlavalles.cat\/es\/wp-json\/wp\/v2\/media\/190553"}],"wp:attachment":[{"href":"https:\/\/www.laperlavalles.cat\/es\/wp-json\/wp\/v2\/media?parent=190564"}],"wp:term":[{"taxonomy":"product_cat","embeddable":true,"href":"https:\/\/www.laperlavalles.cat\/es\/wp-json\/wp\/v2\/product_cat?post=190564"},{"taxonomy":"product_tag","embeddable":true,"href":"https:\/\/www.laperlavalles.cat\/es\/wp-json\/wp\/v2\/product_tag?post=190564"}],"curies":[{"name":"wp","href":"https:\/\/api.w.org\/{rel}","templated":true}]}}