{"id":190584,"date":"2025-03-24T09:32:22","date_gmt":"2025-03-24T08:32:34","guid":{"rendered":"https:\/\/www.laperlavalles.cat\/product\/hawaiian-silky-argan-oil-relaxer-regular-2appl\/"},"modified":"2025-05-16T13:41:45","modified_gmt":"2025-05-16T11:41:45","slug":"hawaiian-silky-argan-oil-relaxer-regular-2appl","status":"publish","type":"product","link":"https:\/\/www.laperlavalles.cat\/es\/product\/hawaiian-silky-argan-oil-relaxer-regular-2appl\/","title":{"rendered":"HAWAIIAN SILKY ARGAN OIL RELAXER REGULAR 2APPL"},"content":{"rendered":"<p>El HAWAIIAN SILKY ARGAN OIL RELAXER REGULAR 2APPL es un alisador enriquecido con aceite de arg\u00e1n, dise\u00f1ado para suavizar el cabello mientras lo nutre en profundidad. Su f\u00f3rmula suave ayuda a reducir el encrespamiento, dejando el cabello liso, brillante y fuerte.<\/p>\n","protected":false},"excerpt":{"rendered":"<p>El HAWAIIAN SILKY ARGAN OIL RELAXER REGULAR 2APPL es un alisador enriquecido con aceite de arg\u00e1n, dise\u00f1ado para suavizar el cabello mientras lo nutre en profundidad.<span class=\"excerpt-hellip\"> [\u2026]<\/span><\/p>\n","protected":false},"featured_media":190573,"comment_status":"open","ping_status":"closed","template":"","meta":[],"product_cat":[8403,24330],"product_tag":[],"_links":{"self":[{"href":"https:\/\/www.laperlavalles.cat\/es\/wp-json\/wp\/v2\/product\/190584"}],"collection":[{"href":"https:\/\/www.laperlavalles.cat\/es\/wp-json\/wp\/v2\/product"}],"about":[{"href":"https:\/\/www.laperlavalles.cat\/es\/wp-json\/wp\/v2\/types\/product"}],"replies":[{"embeddable":true,"href":"https:\/\/www.laperlavalles.cat\/es\/wp-json\/wp\/v2\/comments?post=190584"}],"wp:featuredmedia":[{"embeddable":true,"href":"https:\/\/www.laperlavalles.cat\/es\/wp-json\/wp\/v2\/media\/190573"}],"wp:attachment":[{"href":"https:\/\/www.laperlavalles.cat\/es\/wp-json\/wp\/v2\/media?parent=190584"}],"wp:term":[{"taxonomy":"product_cat","embeddable":true,"href":"https:\/\/www.laperlavalles.cat\/es\/wp-json\/wp\/v2\/product_cat?post=190584"},{"taxonomy":"product_tag","embeddable":true,"href":"https:\/\/www.laperlavalles.cat\/es\/wp-json\/wp\/v2\/product_tag?post=190584"}],"curies":[{"name":"wp","href":"https:\/\/api.w.org\/{rel}","templated":true}]}}