{"id":190604,"date":"2025-03-24T09:33:42","date_gmt":"2025-03-24T08:33:54","guid":{"rendered":"https:\/\/www.laperlavalles.cat\/product\/hawaiian-silky-argan-oil-relaxer-super-2appl\/"},"modified":"2025-05-16T12:21:46","modified_gmt":"2025-05-16T10:21:46","slug":"hawaiian-silky-argan-oil-relaxer-super-2appl","status":"publish","type":"product","link":"https:\/\/www.laperlavalles.cat\/es\/product\/hawaiian-silky-argan-oil-relaxer-super-2appl\/","title":{"rendered":"HAWAIIAN SILKY ARGAN OIL RELAXER SUPER 2APPL"},"content":{"rendered":"<p>El HAWAIIAN SILKY ARGAN OIL RELAXER SUPER 2APPL es un alisador de alta potencia con aceite de arg\u00e1n, dise\u00f1ado para cabellos gruesos y dif\u00edciles de alisar. Su f\u00f3rmula nutre profundamente, controla el encrespamiento y deja el cabello suave, brillante y sedoso.<\/p>\n","protected":false},"excerpt":{"rendered":"<p>El HAWAIIAN SILKY ARGAN OIL RELAXER SUPER 2APPL es un alisador de alta potencia con aceite de arg\u00e1n, dise\u00f1ado para cabellos gruesos y dif\u00edciles de alisar.<span class=\"excerpt-hellip\"> [\u2026]<\/span><\/p>\n","protected":false},"featured_media":190593,"comment_status":"open","ping_status":"closed","template":"","meta":[],"product_cat":[8403,24330],"product_tag":[],"_links":{"self":[{"href":"https:\/\/www.laperlavalles.cat\/es\/wp-json\/wp\/v2\/product\/190604"}],"collection":[{"href":"https:\/\/www.laperlavalles.cat\/es\/wp-json\/wp\/v2\/product"}],"about":[{"href":"https:\/\/www.laperlavalles.cat\/es\/wp-json\/wp\/v2\/types\/product"}],"replies":[{"embeddable":true,"href":"https:\/\/www.laperlavalles.cat\/es\/wp-json\/wp\/v2\/comments?post=190604"}],"wp:featuredmedia":[{"embeddable":true,"href":"https:\/\/www.laperlavalles.cat\/es\/wp-json\/wp\/v2\/media\/190593"}],"wp:attachment":[{"href":"https:\/\/www.laperlavalles.cat\/es\/wp-json\/wp\/v2\/media?parent=190604"}],"wp:term":[{"taxonomy":"product_cat","embeddable":true,"href":"https:\/\/www.laperlavalles.cat\/es\/wp-json\/wp\/v2\/product_cat?post=190604"},{"taxonomy":"product_tag","embeddable":true,"href":"https:\/\/www.laperlavalles.cat\/es\/wp-json\/wp\/v2\/product_tag?post=190604"}],"curies":[{"name":"wp","href":"https:\/\/api.w.org\/{rel}","templated":true}]}}