{"id":190624,"date":"2025-03-24T09:35:01","date_gmt":"2025-03-24T08:35:14","guid":{"rendered":"https:\/\/www.laperlavalles.cat\/product\/aunt-jackies-curl-boss-gel-426g\/"},"modified":"2025-04-30T13:21:46","modified_gmt":"2025-04-30T11:21:46","slug":"aunt-jackies-curl-boss-gel-426g","status":"publish","type":"product","link":"https:\/\/www.laperlavalles.cat\/es\/product\/aunt-jackies-curl-boss-gel-426g\/","title":{"rendered":"AUNT JACKIE&#8217;S CURL BOSS GEL 426G"},"content":{"rendered":"<p>AUNT JACKIE&#8217;S CURL BOSS GEL es un gel de peinado con aceite de coco, dise\u00f1ado para definir y fijar los rizos sin apelmazar el cabello. Su f\u00f3rmula hidrata, controla el encrespamiento y proporciona una fijaci\u00f3n flexible para unos rizos el\u00e1sticos y brillantes.<\/p>\n","protected":false},"excerpt":{"rendered":"<p>AUNT JACKIE&#8217;S CURL BOSS GEL es un gel de peinado con aceite de coco, dise\u00f1ado para definir y fijar los rizos sin apelmazar el cabello. Su<span class=\"excerpt-hellip\"> [\u2026]<\/span><\/p>\n","protected":false},"featured_media":190613,"comment_status":"open","ping_status":"closed","template":"","meta":[],"product_cat":[8403,24330],"product_tag":[],"_links":{"self":[{"href":"https:\/\/www.laperlavalles.cat\/es\/wp-json\/wp\/v2\/product\/190624"}],"collection":[{"href":"https:\/\/www.laperlavalles.cat\/es\/wp-json\/wp\/v2\/product"}],"about":[{"href":"https:\/\/www.laperlavalles.cat\/es\/wp-json\/wp\/v2\/types\/product"}],"replies":[{"embeddable":true,"href":"https:\/\/www.laperlavalles.cat\/es\/wp-json\/wp\/v2\/comments?post=190624"}],"wp:featuredmedia":[{"embeddable":true,"href":"https:\/\/www.laperlavalles.cat\/es\/wp-json\/wp\/v2\/media\/190613"}],"wp:attachment":[{"href":"https:\/\/www.laperlavalles.cat\/es\/wp-json\/wp\/v2\/media?parent=190624"}],"wp:term":[{"taxonomy":"product_cat","embeddable":true,"href":"https:\/\/www.laperlavalles.cat\/es\/wp-json\/wp\/v2\/product_cat?post=190624"},{"taxonomy":"product_tag","embeddable":true,"href":"https:\/\/www.laperlavalles.cat\/es\/wp-json\/wp\/v2\/product_tag?post=190624"}],"curies":[{"name":"wp","href":"https:\/\/api.w.org\/{rel}","templated":true}]}}