{"id":190724,"date":"2025-03-24T09:52:20","date_gmt":"2025-03-24T08:52:32","guid":{"rendered":"https:\/\/www.laperlavalles.cat\/product\/aunt-jackies-knot-on-my-watch-instant-detangling-therapy-355ml\/"},"modified":"2025-03-24T10:22:18","modified_gmt":"2025-03-24T09:22:18","slug":"aunt-jackies-knot-on-my-watch-instant-detangling-therapy-355ml","status":"publish","type":"product","link":"https:\/\/www.laperlavalles.cat\/es\/product\/aunt-jackies-knot-on-my-watch-instant-detangling-therapy-355ml\/","title":{"rendered":"AUNT JACKIE&#8217;S KNOT ON MY WATCH INSTANT DETANGLING THERAPY 355ML"},"content":{"rendered":"<p>El AUNT JACKIE&#8217;S KNOT ON MY WATCH es un tratamiento desenredante instant\u00e1neo que ayuda a manejar el cabello enredado y dif\u00edcil de peinar. Con manteca de karit\u00e9 y aceite de oliva, hidrata, suaviza y protege contra la rotura.<\/p>\n","protected":false},"excerpt":{"rendered":"<p>El AUNT JACKIE&#8217;S KNOT ON MY WATCH es un tratamiento desenredante instant\u00e1neo que ayuda a manejar el cabello enredado y dif\u00edcil de peinar. Con manteca de<span class=\"excerpt-hellip\"> [\u2026]<\/span><\/p>\n","protected":false},"featured_media":190713,"comment_status":"open","ping_status":"closed","template":"","meta":[],"product_cat":[8403,24330],"product_tag":[],"_links":{"self":[{"href":"https:\/\/www.laperlavalles.cat\/es\/wp-json\/wp\/v2\/product\/190724"}],"collection":[{"href":"https:\/\/www.laperlavalles.cat\/es\/wp-json\/wp\/v2\/product"}],"about":[{"href":"https:\/\/www.laperlavalles.cat\/es\/wp-json\/wp\/v2\/types\/product"}],"replies":[{"embeddable":true,"href":"https:\/\/www.laperlavalles.cat\/es\/wp-json\/wp\/v2\/comments?post=190724"}],"wp:featuredmedia":[{"embeddable":true,"href":"https:\/\/www.laperlavalles.cat\/es\/wp-json\/wp\/v2\/media\/190713"}],"wp:attachment":[{"href":"https:\/\/www.laperlavalles.cat\/es\/wp-json\/wp\/v2\/media?parent=190724"}],"wp:term":[{"taxonomy":"product_cat","embeddable":true,"href":"https:\/\/www.laperlavalles.cat\/es\/wp-json\/wp\/v2\/product_cat?post=190724"},{"taxonomy":"product_tag","embeddable":true,"href":"https:\/\/www.laperlavalles.cat\/es\/wp-json\/wp\/v2\/product_tag?post=190724"}],"curies":[{"name":"wp","href":"https:\/\/api.w.org\/{rel}","templated":true}]}}