{"id":190864,"date":"2025-03-24T10:03:50","date_gmt":"2025-03-24T09:04:03","guid":{"rendered":"https:\/\/www.laperlavalles.cat\/product\/aunt-jackies-kids-baby-curls-custard-426g\/"},"modified":"2025-03-24T10:34:55","modified_gmt":"2025-03-24T09:34:55","slug":"aunt-jackies-kids-baby-curls-custard-426g","status":"publish","type":"product","link":"https:\/\/www.laperlavalles.cat\/es\/product\/aunt-jackies-kids-baby-curls-custard-426g\/","title":{"rendered":"AUNT JACKIE&#8217;S KIDS BABY CURLS CUSTARD 426G"},"content":{"rendered":"<p>El AUNT JACKIE&#8217;S KIDS BABY CURLS CUSTARD es una crema de peinado formulada para definir y nutrir los rizos de los ni\u00f1os. Enriquecida con manteca de karit\u00e9 y aceite de oliva, hidrata profundamente, reduce el frizz y proporciona una definici\u00f3n duradera sin dejar residuos pegajosos.<\/p>\n","protected":false},"excerpt":{"rendered":"<p>El AUNT JACKIE&#8217;S KIDS BABY CURLS CUSTARD es una crema de peinado formulada para definir y nutrir los rizos de los ni\u00f1os. Enriquecida con manteca de<span class=\"excerpt-hellip\"> [\u2026]<\/span><\/p>\n","protected":false},"featured_media":190853,"comment_status":"open","ping_status":"closed","template":"","meta":[],"product_cat":[8403,24330],"product_tag":[],"_links":{"self":[{"href":"https:\/\/www.laperlavalles.cat\/es\/wp-json\/wp\/v2\/product\/190864"}],"collection":[{"href":"https:\/\/www.laperlavalles.cat\/es\/wp-json\/wp\/v2\/product"}],"about":[{"href":"https:\/\/www.laperlavalles.cat\/es\/wp-json\/wp\/v2\/types\/product"}],"replies":[{"embeddable":true,"href":"https:\/\/www.laperlavalles.cat\/es\/wp-json\/wp\/v2\/comments?post=190864"}],"wp:featuredmedia":[{"embeddable":true,"href":"https:\/\/www.laperlavalles.cat\/es\/wp-json\/wp\/v2\/media\/190853"}],"wp:attachment":[{"href":"https:\/\/www.laperlavalles.cat\/es\/wp-json\/wp\/v2\/media?parent=190864"}],"wp:term":[{"taxonomy":"product_cat","embeddable":true,"href":"https:\/\/www.laperlavalles.cat\/es\/wp-json\/wp\/v2\/product_cat?post=190864"},{"taxonomy":"product_tag","embeddable":true,"href":"https:\/\/www.laperlavalles.cat\/es\/wp-json\/wp\/v2\/product_tag?post=190864"}],"curies":[{"name":"wp","href":"https:\/\/api.w.org\/{rel}","templated":true}]}}