{"id":190884,"date":"2025-03-24T10:05:10","date_gmt":"2025-03-24T09:05:22","guid":{"rendered":"https:\/\/www.laperlavalles.cat\/product\/aunt-jackies-kids-soft-sassy-conditioner-426g\/"},"modified":"2025-03-24T10:36:11","modified_gmt":"2025-03-24T09:36:11","slug":"aunt-jackies-kids-soft-sassy-conditioner-426g","status":"publish","type":"product","link":"https:\/\/www.laperlavalles.cat\/es\/product\/aunt-jackies-kids-soft-sassy-conditioner-426g\/","title":{"rendered":"AUNT JACKIE&#8217;S KIDS SOFT &amp; SASSY CONDITIONER 426G"},"content":{"rendered":"<p>El AUNT JACKIE&#8217;S KIDS SOFT &amp; SASSY CONDITIONER es un acondicionador ultrahidratante dise\u00f1ado para el cabello delicado de los ni\u00f1os. Con aceite de coco y manteca de karit\u00e9, nutre, desenreda y suaviza, facilitando el peinado.<\/p>\n","protected":false},"excerpt":{"rendered":"<p>El AUNT JACKIE&#8217;S KIDS SOFT &amp; SASSY CONDITIONER es un acondicionador ultrahidratante dise\u00f1ado para el cabello delicado de los ni\u00f1os. Con aceite de coco y manteca<span class=\"excerpt-hellip\"> [\u2026]<\/span><\/p>\n","protected":false},"featured_media":190873,"comment_status":"open","ping_status":"closed","template":"","meta":[],"product_cat":[8403,24330],"product_tag":[],"_links":{"self":[{"href":"https:\/\/www.laperlavalles.cat\/es\/wp-json\/wp\/v2\/product\/190884"}],"collection":[{"href":"https:\/\/www.laperlavalles.cat\/es\/wp-json\/wp\/v2\/product"}],"about":[{"href":"https:\/\/www.laperlavalles.cat\/es\/wp-json\/wp\/v2\/types\/product"}],"replies":[{"embeddable":true,"href":"https:\/\/www.laperlavalles.cat\/es\/wp-json\/wp\/v2\/comments?post=190884"}],"wp:featuredmedia":[{"embeddable":true,"href":"https:\/\/www.laperlavalles.cat\/es\/wp-json\/wp\/v2\/media\/190873"}],"wp:attachment":[{"href":"https:\/\/www.laperlavalles.cat\/es\/wp-json\/wp\/v2\/media?parent=190884"}],"wp:term":[{"taxonomy":"product_cat","embeddable":true,"href":"https:\/\/www.laperlavalles.cat\/es\/wp-json\/wp\/v2\/product_cat?post=190884"},{"taxonomy":"product_tag","embeddable":true,"href":"https:\/\/www.laperlavalles.cat\/es\/wp-json\/wp\/v2\/product_tag?post=190884"}],"curies":[{"name":"wp","href":"https:\/\/api.w.org\/{rel}","templated":true}]}}