{"id":190904,"date":"2025-03-24T10:06:27","date_gmt":"2025-03-24T09:06:40","guid":{"rendered":"https:\/\/www.laperlavalles.cat\/product\/originals-kids-africas-best-shea-butter-lotion-355ml\/"},"modified":"2025-05-05T14:12:09","modified_gmt":"2025-05-05T12:12:09","slug":"originals-kids-africas-best-shea-butter-lotion-355ml","status":"publish","type":"product","link":"https:\/\/www.laperlavalles.cat\/es\/product\/originals-kids-africas-best-shea-butter-lotion-355ml\/","title":{"rendered":"ORIGINALS KIDS AFRICA&#8217;S BEST SHEA BUTTER LOTION 355ML"},"content":{"rendered":"<p>La ORIGINALS KIDS AFRICA&#8217;S BEST SHEA BUTTER LOTION es una loci\u00f3n hidratante enriquecida con manteca de karit\u00e9 para nutrir y proteger la piel delicada de los ni\u00f1os. Su f\u00f3rmula ligera se absorbe r\u00e1pidamente, dejando la piel suave, flexible e hidratada.<\/p>\n","protected":false},"excerpt":{"rendered":"<p>La ORIGINALS KIDS AFRICA&#8217;S BEST SHEA BUTTER LOTION es una loci\u00f3n hidratante enriquecida con manteca de karit\u00e9 para nutrir y proteger la piel delicada de los<span class=\"excerpt-hellip\"> [\u2026]<\/span><\/p>\n","protected":false},"featured_media":190893,"comment_status":"open","ping_status":"closed","template":"","meta":[],"product_cat":[8403,24330],"product_tag":[],"_links":{"self":[{"href":"https:\/\/www.laperlavalles.cat\/es\/wp-json\/wp\/v2\/product\/190904"}],"collection":[{"href":"https:\/\/www.laperlavalles.cat\/es\/wp-json\/wp\/v2\/product"}],"about":[{"href":"https:\/\/www.laperlavalles.cat\/es\/wp-json\/wp\/v2\/types\/product"}],"replies":[{"embeddable":true,"href":"https:\/\/www.laperlavalles.cat\/es\/wp-json\/wp\/v2\/comments?post=190904"}],"wp:featuredmedia":[{"embeddable":true,"href":"https:\/\/www.laperlavalles.cat\/es\/wp-json\/wp\/v2\/media\/190893"}],"wp:attachment":[{"href":"https:\/\/www.laperlavalles.cat\/es\/wp-json\/wp\/v2\/media?parent=190904"}],"wp:term":[{"taxonomy":"product_cat","embeddable":true,"href":"https:\/\/www.laperlavalles.cat\/es\/wp-json\/wp\/v2\/product_cat?post=190904"},{"taxonomy":"product_tag","embeddable":true,"href":"https:\/\/www.laperlavalles.cat\/es\/wp-json\/wp\/v2\/product_tag?post=190904"}],"curies":[{"name":"wp","href":"https:\/\/api.w.org\/{rel}","templated":true}]}}