{"id":190964,"date":"2025-03-24T10:10:41","date_gmt":"2025-03-24T09:10:53","guid":{"rendered":"https:\/\/www.laperlavalles.cat\/product\/originals-africas-best-cholesteroltea-tree-conditioner-426g\/"},"modified":"2025-04-29T17:52:00","modified_gmt":"2025-04-29T15:52:00","slug":"originals-africas-best-cholesteroltea-tree-conditioner-426g","status":"publish","type":"product","link":"https:\/\/www.laperlavalles.cat\/es\/product\/originals-africas-best-cholesteroltea-tree-conditioner-426g\/","title":{"rendered":"ORIGINALS AFRICA&#8217;S BEST CHOLESTEROL&amp;TEA-TREE CONDITIONER 426G"},"content":{"rendered":"<p>El ORIGINALS AFRICA&#8217;S BEST CHOLESTEROL &amp; TEA-TREE CONDITIONER es un acondicionador ultra nutritivo con colesterol y aceite de \u00e1rbol de t\u00e9. Repara el cabello da\u00f1ado, hidrata profundamente y mejora la salud del cuero cabelludo.<\/p>\n","protected":false},"excerpt":{"rendered":"<p>El ORIGINALS AFRICA&#8217;S BEST CHOLESTEROL &amp; TEA-TREE CONDITIONER es un acondicionador ultra nutritivo con colesterol y aceite de \u00e1rbol de t\u00e9. Repara el cabello da\u00f1ado, hidrata<span class=\"excerpt-hellip\"> [\u2026]<\/span><\/p>\n","protected":false},"featured_media":190953,"comment_status":"open","ping_status":"closed","template":"","meta":[],"product_cat":[8403,24330],"product_tag":[],"_links":{"self":[{"href":"https:\/\/www.laperlavalles.cat\/es\/wp-json\/wp\/v2\/product\/190964"}],"collection":[{"href":"https:\/\/www.laperlavalles.cat\/es\/wp-json\/wp\/v2\/product"}],"about":[{"href":"https:\/\/www.laperlavalles.cat\/es\/wp-json\/wp\/v2\/types\/product"}],"replies":[{"embeddable":true,"href":"https:\/\/www.laperlavalles.cat\/es\/wp-json\/wp\/v2\/comments?post=190964"}],"wp:featuredmedia":[{"embeddable":true,"href":"https:\/\/www.laperlavalles.cat\/es\/wp-json\/wp\/v2\/media\/190953"}],"wp:attachment":[{"href":"https:\/\/www.laperlavalles.cat\/es\/wp-json\/wp\/v2\/media?parent=190964"}],"wp:term":[{"taxonomy":"product_cat","embeddable":true,"href":"https:\/\/www.laperlavalles.cat\/es\/wp-json\/wp\/v2\/product_cat?post=190964"},{"taxonomy":"product_tag","embeddable":true,"href":"https:\/\/www.laperlavalles.cat\/es\/wp-json\/wp\/v2\/product_tag?post=190964"}],"curies":[{"name":"wp","href":"https:\/\/api.w.org\/{rel}","templated":true}]}}