{"id":191104,"date":"2025-03-24T11:30:41","date_gmt":"2025-03-24T10:30:53","guid":{"rendered":"https:\/\/www.laperlavalles.cat\/product\/hollywood-beauty-tea-tree-oil-592ml\/"},"modified":"2025-03-24T12:09:29","modified_gmt":"2025-03-24T11:09:29","slug":"hollywood-beauty-tea-tree-oil-592ml","status":"publish","type":"product","link":"https:\/\/www.laperlavalles.cat\/es\/product\/hollywood-beauty-tea-tree-oil-592ml\/","title":{"rendered":"HOLLYWOOD BEAUTY TEA TREE OIL 59,2ML"},"content":{"rendered":"<p>HOLLYWOOD BEAUTY Aceite de \u00c1rbol de T\u00e9 59,2ML \u2013 Un aceite nutritivo con \u00e1rbol de t\u00e9, ideal para calmar el cuero cabelludo, reducir la picaz\u00f3n e hidratar el cabello y la piel.<\/p>\n","protected":false},"excerpt":{"rendered":"<p>HOLLYWOOD BEAUTY Aceite de \u00c1rbol de T\u00e9 59,2ML \u2013 Un aceite nutritivo con \u00e1rbol de t\u00e9, ideal para calmar el cuero cabelludo, reducir la picaz\u00f3n e<span class=\"excerpt-hellip\"> [\u2026]<\/span><\/p>\n","protected":false},"featured_media":191093,"comment_status":"open","ping_status":"closed","template":"","meta":[],"product_cat":[8403,24330],"product_tag":[],"_links":{"self":[{"href":"https:\/\/www.laperlavalles.cat\/es\/wp-json\/wp\/v2\/product\/191104"}],"collection":[{"href":"https:\/\/www.laperlavalles.cat\/es\/wp-json\/wp\/v2\/product"}],"about":[{"href":"https:\/\/www.laperlavalles.cat\/es\/wp-json\/wp\/v2\/types\/product"}],"replies":[{"embeddable":true,"href":"https:\/\/www.laperlavalles.cat\/es\/wp-json\/wp\/v2\/comments?post=191104"}],"wp:featuredmedia":[{"embeddable":true,"href":"https:\/\/www.laperlavalles.cat\/es\/wp-json\/wp\/v2\/media\/191093"}],"wp:attachment":[{"href":"https:\/\/www.laperlavalles.cat\/es\/wp-json\/wp\/v2\/media?parent=191104"}],"wp:term":[{"taxonomy":"product_cat","embeddable":true,"href":"https:\/\/www.laperlavalles.cat\/es\/wp-json\/wp\/v2\/product_cat?post=191104"},{"taxonomy":"product_tag","embeddable":true,"href":"https:\/\/www.laperlavalles.cat\/es\/wp-json\/wp\/v2\/product_tag?post=191104"}],"curies":[{"name":"wp","href":"https:\/\/api.w.org\/{rel}","templated":true}]}}