{"id":191439,"date":"2025-03-25T13:11:39","date_gmt":"2025-03-25T12:11:50","guid":{"rendered":"https:\/\/www.laperlavalles.cat\/product\/vitals-olive-oil-antibreakage-neutral-xampu-8oz\/"},"modified":"2025-05-12T16:06:26","modified_gmt":"2025-05-12T14:06:26","slug":"vitals-olive-oil-antibreakage-neutral-xampu-8oz","status":"publish","type":"product","link":"https:\/\/www.laperlavalles.cat\/es\/product\/vitals-olive-oil-antibreakage-neutral-xampu-8oz\/","title":{"rendered":"VITALS OLIVE OIL ANTIBREAKAGE NEUTRAL. XAMP\u00da 8OZ"},"content":{"rendered":"<p>El VITALE Olive Oil Anti-Breakage Neutralizing Shampoo es un champ\u00fa neutralizante dise\u00f1ado para limpiar profundamente el cabello, eliminar residuos de productos qu\u00edmicos y prevenir la rotura, enriquecido con aceite de oliva para fortalecer, desenredar e hidratar el cabello, dej\u00e1ndolo suave y manejable.<\/p>\n","protected":false},"excerpt":{"rendered":"<p>El VITALE Olive Oil Anti-Breakage Neutralizing Shampoo es un champ\u00fa neutralizante dise\u00f1ado para limpiar profundamente el cabello, eliminar residuos de productos qu\u00edmicos y prevenir la rotura,<span class=\"excerpt-hellip\"> [\u2026]<\/span><\/p>\n","protected":false},"featured_media":191428,"comment_status":"open","ping_status":"closed","template":"","meta":[],"product_cat":[8403,24330],"product_tag":[],"_links":{"self":[{"href":"https:\/\/www.laperlavalles.cat\/es\/wp-json\/wp\/v2\/product\/191439"}],"collection":[{"href":"https:\/\/www.laperlavalles.cat\/es\/wp-json\/wp\/v2\/product"}],"about":[{"href":"https:\/\/www.laperlavalles.cat\/es\/wp-json\/wp\/v2\/types\/product"}],"replies":[{"embeddable":true,"href":"https:\/\/www.laperlavalles.cat\/es\/wp-json\/wp\/v2\/comments?post=191439"}],"wp:featuredmedia":[{"embeddable":true,"href":"https:\/\/www.laperlavalles.cat\/es\/wp-json\/wp\/v2\/media\/191428"}],"wp:attachment":[{"href":"https:\/\/www.laperlavalles.cat\/es\/wp-json\/wp\/v2\/media?parent=191439"}],"wp:term":[{"taxonomy":"product_cat","embeddable":true,"href":"https:\/\/www.laperlavalles.cat\/es\/wp-json\/wp\/v2\/product_cat?post=191439"},{"taxonomy":"product_tag","embeddable":true,"href":"https:\/\/www.laperlavalles.cat\/es\/wp-json\/wp\/v2\/product_tag?post=191439"}],"curies":[{"name":"wp","href":"https:\/\/api.w.org\/{rel}","templated":true}]}}