{"id":191519,"date":"2025-03-25T13:23:22","date_gmt":"2025-03-25T12:23:35","guid":{"rendered":"https:\/\/www.laperlavalles.cat\/product\/vitals-olive-oil-antibreakage-no-base-relaxer-superior-20oz\/"},"modified":"2025-05-12T16:04:31","modified_gmt":"2025-05-12T14:04:31","slug":"vitals-olive-oil-antibreakage-no-base-relaxer-superior-20oz","status":"publish","type":"product","link":"https:\/\/www.laperlavalles.cat\/es\/product\/vitals-olive-oil-antibreakage-no-base-relaxer-superior-20oz\/","title":{"rendered":"VITALS OLIVE OIL ANTIBREAKAGE NO BASE RELAXER SUPERIOR 20OZ"},"content":{"rendered":"<p>El Vitale Olive Oil Anti-Breakage No Base Relaxer Super 20oz es un alisador avanzado con hidr\u00f3xido de sodio, enriquecido con aceite de oliva y manteca de karit\u00e9, dise\u00f1ado para alisar el cabello de manera suave y saludable. El aceite de oliva proporciona una excelente acondicionamiento durante el proceso de alisado, mientras que la manteca de karit\u00e9 ayuda a fortalecer el cabello y prevenir la rotura<\/p>\n","protected":false},"excerpt":{"rendered":"<p>El Vitale Olive Oil Anti-Breakage No Base Relaxer Super 20oz es un alisador avanzado con hidr\u00f3xido de sodio, enriquecido con aceite de oliva y manteca de<span class=\"excerpt-hellip\"> [\u2026]<\/span><\/p>\n","protected":false},"featured_media":191508,"comment_status":"open","ping_status":"closed","template":"","meta":[],"product_cat":[8403,24330],"product_tag":[],"_links":{"self":[{"href":"https:\/\/www.laperlavalles.cat\/es\/wp-json\/wp\/v2\/product\/191519"}],"collection":[{"href":"https:\/\/www.laperlavalles.cat\/es\/wp-json\/wp\/v2\/product"}],"about":[{"href":"https:\/\/www.laperlavalles.cat\/es\/wp-json\/wp\/v2\/types\/product"}],"replies":[{"embeddable":true,"href":"https:\/\/www.laperlavalles.cat\/es\/wp-json\/wp\/v2\/comments?post=191519"}],"wp:featuredmedia":[{"embeddable":true,"href":"https:\/\/www.laperlavalles.cat\/es\/wp-json\/wp\/v2\/media\/191508"}],"wp:attachment":[{"href":"https:\/\/www.laperlavalles.cat\/es\/wp-json\/wp\/v2\/media?parent=191519"}],"wp:term":[{"taxonomy":"product_cat","embeddable":true,"href":"https:\/\/www.laperlavalles.cat\/es\/wp-json\/wp\/v2\/product_cat?post=191519"},{"taxonomy":"product_tag","embeddable":true,"href":"https:\/\/www.laperlavalles.cat\/es\/wp-json\/wp\/v2\/product_tag?post=191519"}],"curies":[{"name":"wp","href":"https:\/\/api.w.org\/{rel}","templated":true}]}}