{"id":191759,"date":"2025-03-25T13:46:19","date_gmt":"2025-03-25T12:46:30","guid":{"rendered":"https:\/\/www.laperlavalles.cat\/product\/x-pression-prepeigne-uvt66\/"},"modified":"2025-03-25T14:05:58","modified_gmt":"2025-03-25T13:05:58","slug":"x-pression-prepeigne-uvt66","status":"publish","type":"product","link":"https:\/\/www.laperlavalles.cat\/es\/product\/x-pression-prepeigne-uvt66\/","title":{"rendered":"X-PRESSION PREPEIGN\u00c9 UVT66"},"content":{"rendered":"<p>Las extensiones de cabello artificial X-pression ultra-braid, hechas con fibra de Kanekalon, brillan espectacularmente bajo la luz UV, d\u00e1ndote un look \u00fanico y radiante que destaca en cualquier ocasi\u00f3n.<\/p>\n","protected":false},"excerpt":{"rendered":"<p>Las extensiones de cabello artificial X-pression ultra-braid, hechas con fibra de Kanekalon, brillan espectacularmente bajo la luz UV, d\u00e1ndote un look \u00fanico y radiante que destaca<span class=\"excerpt-hellip\"> [\u2026]<\/span><\/p>\n","protected":false},"featured_media":191748,"comment_status":"open","ping_status":"closed","template":"","meta":[],"product_cat":[8404,8492],"product_tag":[],"_links":{"self":[{"href":"https:\/\/www.laperlavalles.cat\/es\/wp-json\/wp\/v2\/product\/191759"}],"collection":[{"href":"https:\/\/www.laperlavalles.cat\/es\/wp-json\/wp\/v2\/product"}],"about":[{"href":"https:\/\/www.laperlavalles.cat\/es\/wp-json\/wp\/v2\/types\/product"}],"replies":[{"embeddable":true,"href":"https:\/\/www.laperlavalles.cat\/es\/wp-json\/wp\/v2\/comments?post=191759"}],"wp:featuredmedia":[{"embeddable":true,"href":"https:\/\/www.laperlavalles.cat\/es\/wp-json\/wp\/v2\/media\/191748"}],"wp:attachment":[{"href":"https:\/\/www.laperlavalles.cat\/es\/wp-json\/wp\/v2\/media?parent=191759"}],"wp:term":[{"taxonomy":"product_cat","embeddable":true,"href":"https:\/\/www.laperlavalles.cat\/es\/wp-json\/wp\/v2\/product_cat?post=191759"},{"taxonomy":"product_tag","embeddable":true,"href":"https:\/\/www.laperlavalles.cat\/es\/wp-json\/wp\/v2\/product_tag?post=191759"}],"curies":[{"name":"wp","href":"https:\/\/api.w.org\/{rel}","templated":true}]}}