{"id":191819,"date":"2025-03-26T09:40:40","date_gmt":"2025-03-26T08:40:53","guid":{"rendered":"https:\/\/www.laperlavalles.cat\/product\/vitals-olive-oil-antibreakage-no-base-relaxer-regular-20oz\/"},"modified":"2025-05-12T16:02:38","modified_gmt":"2025-05-12T14:02:38","slug":"vitals-olive-oil-antibreakage-no-base-relaxer-regular-20oz","status":"publish","type":"product","link":"https:\/\/www.laperlavalles.cat\/es\/product\/vitals-olive-oil-antibreakage-no-base-relaxer-regular-20oz\/","title":{"rendered":"VITALS OLIVE OIL ANTIBREAKAGE NO BASE RELAXER REGULAR 20OZ"},"content":{"rendered":"<p>El Vitale Olive Oil Anti-Breakage No Base Relaxer Regular 20oz es un alisador avanzado con hidr\u00f3xido de sodio, enriquecido con aceite de oliva y manteca de karit\u00e9, dise\u00f1ado para alisar el cabello de manera suave y saludable, proporcionando un excelente acondicionamiento durante el proceso de alisado y ayudando a fortalecer el cabello para prevenir la rotura. ?<\/p>\n","protected":false},"excerpt":{"rendered":"<p>El Vitale Olive Oil Anti-Breakage No Base Relaxer Regular 20oz es un alisador avanzado con hidr\u00f3xido de sodio, enriquecido con aceite de oliva y manteca de<span class=\"excerpt-hellip\"> [\u2026]<\/span><\/p>\n","protected":false},"featured_media":191808,"comment_status":"open","ping_status":"closed","template":"","meta":[],"product_cat":[8403,24330],"product_tag":[],"_links":{"self":[{"href":"https:\/\/www.laperlavalles.cat\/es\/wp-json\/wp\/v2\/product\/191819"}],"collection":[{"href":"https:\/\/www.laperlavalles.cat\/es\/wp-json\/wp\/v2\/product"}],"about":[{"href":"https:\/\/www.laperlavalles.cat\/es\/wp-json\/wp\/v2\/types\/product"}],"replies":[{"embeddable":true,"href":"https:\/\/www.laperlavalles.cat\/es\/wp-json\/wp\/v2\/comments?post=191819"}],"wp:featuredmedia":[{"embeddable":true,"href":"https:\/\/www.laperlavalles.cat\/es\/wp-json\/wp\/v2\/media\/191808"}],"wp:attachment":[{"href":"https:\/\/www.laperlavalles.cat\/es\/wp-json\/wp\/v2\/media?parent=191819"}],"wp:term":[{"taxonomy":"product_cat","embeddable":true,"href":"https:\/\/www.laperlavalles.cat\/es\/wp-json\/wp\/v2\/product_cat?post=191819"},{"taxonomy":"product_tag","embeddable":true,"href":"https:\/\/www.laperlavalles.cat\/es\/wp-json\/wp\/v2\/product_tag?post=191819"}],"curies":[{"name":"wp","href":"https:\/\/api.w.org\/{rel}","templated":true}]}}