{"id":191869,"date":"2025-03-28T11:24:01","date_gmt":"2025-03-28T10:24:01","guid":{"rendered":"https:\/\/www.laperlavalles.cat\/product\/caldo-de-pollo-cal-nort-1kg-calnort-3\/"},"modified":"2025-03-28T11:24:01","modified_gmt":"2025-03-28T10:24:01","slug":"caldo-de-pollo-cal-nort-1kg-calnort-3","status":"publish","type":"product","link":"https:\/\/www.laperlavalles.cat\/es\/product\/caldo-de-pollo-cal-nort-1kg-calnort-3\/","title":{"rendered":"CALDO DE POLLO CAL NORT 1KG CALNORT"},"content":{"rendered":"<p>Calnort es una marca de caldos deshidratados especializada en caldo de pollo. Sus productos se caracterizan por su alta calidad y sabor intenso, elaborados con ingredientes cuidadosamente seleccionados para ofrecer una experiencia gustativa excepcional. Los caldos de pollo Calnort son f\u00e1ciles de preparar y son una opci\u00f3n ideal para aquellos que buscan conveniencia y sabor en su d\u00eda a d\u00eda.<\/p>\n","protected":false},"excerpt":{"rendered":"<p>Calnort es una marca de caldos deshidratados especializada en caldo de pollo. Sus productos se caracterizan por su alta calidad y sabor intenso, elaborados con ingredientes<span class=\"excerpt-hellip\"> [\u2026]<\/span><\/p>\n","protected":false},"featured_media":191865,"comment_status":"open","ping_status":"closed","template":"","meta":[],"product_cat":[36],"product_tag":[],"_links":{"self":[{"href":"https:\/\/www.laperlavalles.cat\/es\/wp-json\/wp\/v2\/product\/191869"}],"collection":[{"href":"https:\/\/www.laperlavalles.cat\/es\/wp-json\/wp\/v2\/product"}],"about":[{"href":"https:\/\/www.laperlavalles.cat\/es\/wp-json\/wp\/v2\/types\/product"}],"replies":[{"embeddable":true,"href":"https:\/\/www.laperlavalles.cat\/es\/wp-json\/wp\/v2\/comments?post=191869"}],"wp:featuredmedia":[{"embeddable":true,"href":"https:\/\/www.laperlavalles.cat\/es\/wp-json\/wp\/v2\/media\/191865"}],"wp:attachment":[{"href":"https:\/\/www.laperlavalles.cat\/es\/wp-json\/wp\/v2\/media?parent=191869"}],"wp:term":[{"taxonomy":"product_cat","embeddable":true,"href":"https:\/\/www.laperlavalles.cat\/es\/wp-json\/wp\/v2\/product_cat?post=191869"},{"taxonomy":"product_tag","embeddable":true,"href":"https:\/\/www.laperlavalles.cat\/es\/wp-json\/wp\/v2\/product_tag?post=191869"}],"curies":[{"name":"wp","href":"https:\/\/api.w.org\/{rel}","templated":true}]}}