{"id":192039,"date":"2025-03-28T11:40:20","date_gmt":"2025-03-28T10:40:20","guid":{"rendered":"https:\/\/www.laperlavalles.cat\/product\/caldo-en-polvo-sabor-a-carne-1kg-calnort-7\/"},"modified":"2025-03-28T11:40:20","modified_gmt":"2025-03-28T10:40:20","slug":"caldo-en-polvo-sabor-a-carne-1kg-calnort-7","status":"publish","type":"product","link":"https:\/\/www.laperlavalles.cat\/es\/product\/caldo-en-polvo-sabor-a-carne-1kg-calnort-7\/","title":{"rendered":"CALDO EN POLVO SABOR A CARNE 1KG CALNORT"},"content":{"rendered":"<p>Calnort es una marca de caldos deshidratados especializada en caldo de ternera. Sus productos se caracterizan por su alta calidad y sabor intenso, elaborados con ingredientes cuidadosamente seleccionados para ofrecer una experiencia gustativa excepcional. Los caldos de ternera Calnort son f\u00e1ciles de preparar y son una opci\u00f3n ideal para aquellos que buscan conveniencia y sabor en su d\u00eda a d\u00eda.<\/p>\n","protected":false},"excerpt":{"rendered":"<p>Calnort es una marca de caldos deshidratados especializada en caldo de ternera. Sus productos se caracterizan por su alta calidad y sabor intenso, elaborados con ingredientes<span class=\"excerpt-hellip\"> [\u2026]<\/span><\/p>\n","protected":false},"featured_media":192035,"comment_status":"open","ping_status":"closed","template":"","meta":[],"product_cat":[36],"product_tag":[],"_links":{"self":[{"href":"https:\/\/www.laperlavalles.cat\/es\/wp-json\/wp\/v2\/product\/192039"}],"collection":[{"href":"https:\/\/www.laperlavalles.cat\/es\/wp-json\/wp\/v2\/product"}],"about":[{"href":"https:\/\/www.laperlavalles.cat\/es\/wp-json\/wp\/v2\/types\/product"}],"replies":[{"embeddable":true,"href":"https:\/\/www.laperlavalles.cat\/es\/wp-json\/wp\/v2\/comments?post=192039"}],"wp:featuredmedia":[{"embeddable":true,"href":"https:\/\/www.laperlavalles.cat\/es\/wp-json\/wp\/v2\/media\/192035"}],"wp:attachment":[{"href":"https:\/\/www.laperlavalles.cat\/es\/wp-json\/wp\/v2\/media?parent=192039"}],"wp:term":[{"taxonomy":"product_cat","embeddable":true,"href":"https:\/\/www.laperlavalles.cat\/es\/wp-json\/wp\/v2\/product_cat?post=192039"},{"taxonomy":"product_tag","embeddable":true,"href":"https:\/\/www.laperlavalles.cat\/es\/wp-json\/wp\/v2\/product_tag?post=192039"}],"curies":[{"name":"wp","href":"https:\/\/api.w.org\/{rel}","templated":true}]}}