{"id":192079,"date":"2025-04-30T08:22:31","date_gmt":"2025-04-30T06:22:42","guid":{"rendered":"https:\/\/www.laperlavalles.cat\/product\/vitals-olive-oil-frizz-free-serum-6oz\/"},"modified":"2025-05-12T15:44:13","modified_gmt":"2025-05-12T13:44:13","slug":"vitals-olive-oil-frizz-free-serum-6oz","status":"publish","type":"product","link":"https:\/\/www.laperlavalles.cat\/es\/product\/vitals-olive-oil-frizz-free-serum-6oz\/","title":{"rendered":"VITALS OLIVE OIL FRIZZ FREE SERUM 6OZ"},"content":{"rendered":"<p>Este s\u00e9rum transforma instant\u00e1neamente el cabello seco, encrespado o tratado qu\u00edmicamente en una melena suave, brillante y f\u00e1cil de peinar. Enriquecido con aceite de oliva, su f\u00f3rmula ligera, no grasa ni pegajosa, elimina el encrespamiento y proporciona un acabado pulido y manejable.<\/p>\n","protected":false},"excerpt":{"rendered":"<p>Este s\u00e9rum transforma instant\u00e1neamente el cabello seco, encrespado o tratado qu\u00edmicamente en una melena suave, brillante y f\u00e1cil de peinar. Enriquecido con aceite de oliva, su<span class=\"excerpt-hellip\"> [\u2026]<\/span><\/p>\n","protected":false},"featured_media":192068,"comment_status":"open","ping_status":"closed","template":"","meta":[],"product_cat":[8403,24330],"product_tag":[],"_links":{"self":[{"href":"https:\/\/www.laperlavalles.cat\/es\/wp-json\/wp\/v2\/product\/192079"}],"collection":[{"href":"https:\/\/www.laperlavalles.cat\/es\/wp-json\/wp\/v2\/product"}],"about":[{"href":"https:\/\/www.laperlavalles.cat\/es\/wp-json\/wp\/v2\/types\/product"}],"replies":[{"embeddable":true,"href":"https:\/\/www.laperlavalles.cat\/es\/wp-json\/wp\/v2\/comments?post=192079"}],"wp:featuredmedia":[{"embeddable":true,"href":"https:\/\/www.laperlavalles.cat\/es\/wp-json\/wp\/v2\/media\/192068"}],"wp:attachment":[{"href":"https:\/\/www.laperlavalles.cat\/es\/wp-json\/wp\/v2\/media?parent=192079"}],"wp:term":[{"taxonomy":"product_cat","embeddable":true,"href":"https:\/\/www.laperlavalles.cat\/es\/wp-json\/wp\/v2\/product_cat?post=192079"},{"taxonomy":"product_tag","embeddable":true,"href":"https:\/\/www.laperlavalles.cat\/es\/wp-json\/wp\/v2\/product_tag?post=192079"}],"curies":[{"name":"wp","href":"https:\/\/api.w.org\/{rel}","templated":true}]}}