{"id":192739,"date":"2025-04-30T09:58:42","date_gmt":"2025-04-30T07:58:42","guid":{"rendered":"https:\/\/www.laperlavalles.cat\/product\/bibigo-gyoza-de-kimchi-y-pollo-congelado-600g-5\/"},"modified":"2025-04-30T09:58:42","modified_gmt":"2025-04-30T07:58:42","slug":"bibigo-gyoza-de-kimchi-y-pollo-congelado-600g-5","status":"publish","type":"product","link":"https:\/\/www.laperlavalles.cat\/es\/product\/bibigo-gyoza-de-kimchi-y-pollo-congelado-600g-5\/","title":{"rendered":"BIBIGO GYOZA DE KIMCHI Y POLLO CONGELADO 600G"},"content":{"rendered":"<p>Les Bibigo Gyoza de Kimchi i Pollastre Congelades 600g s\u00f3n mandus coreans farcits amb una combinaci\u00f3 picant de kimchi i pollastre suculent. Aquestes gyoza ofereixen un sabor aut\u00e8ntic i equilibrat, ideal per als amants de la cuina coreana. Es poden preparar f\u00e0cilment fregides, al vapor o a la planxa, obtenint una textura cruixent i un farcit sabor\u00f3s.<\/p>\n","protected":false},"excerpt":{"rendered":"<p>Les Bibigo Gyoza de Kimchi i Pollastre Congelades 600g s\u00f3n mandus coreans farcits amb una combinaci\u00f3 picant de kimchi i pollastre suculent. Aquestes gyoza ofereixen un<span class=\"excerpt-hellip\"> [\u2026]<\/span><\/p>\n","protected":false},"featured_media":192735,"comment_status":"open","ping_status":"closed","template":"","meta":[],"product_cat":[36],"product_tag":[],"_links":{"self":[{"href":"https:\/\/www.laperlavalles.cat\/es\/wp-json\/wp\/v2\/product\/192739"}],"collection":[{"href":"https:\/\/www.laperlavalles.cat\/es\/wp-json\/wp\/v2\/product"}],"about":[{"href":"https:\/\/www.laperlavalles.cat\/es\/wp-json\/wp\/v2\/types\/product"}],"replies":[{"embeddable":true,"href":"https:\/\/www.laperlavalles.cat\/es\/wp-json\/wp\/v2\/comments?post=192739"}],"wp:featuredmedia":[{"embeddable":true,"href":"https:\/\/www.laperlavalles.cat\/es\/wp-json\/wp\/v2\/media\/192735"}],"wp:attachment":[{"href":"https:\/\/www.laperlavalles.cat\/es\/wp-json\/wp\/v2\/media?parent=192739"}],"wp:term":[{"taxonomy":"product_cat","embeddable":true,"href":"https:\/\/www.laperlavalles.cat\/es\/wp-json\/wp\/v2\/product_cat?post=192739"},{"taxonomy":"product_tag","embeddable":true,"href":"https:\/\/www.laperlavalles.cat\/es\/wp-json\/wp\/v2\/product_tag?post=192739"}],"curies":[{"name":"wp","href":"https:\/\/api.w.org\/{rel}","templated":true}]}}