{"id":192919,"date":"2025-04-30T10:10:44","date_gmt":"2025-04-30T08:10:56","guid":{"rendered":"https:\/\/www.laperlavalles.cat\/product\/bibigo-gyoza-de-tofu-y-verduras-congelado-600g\/"},"modified":"2026-03-27T12:01:33","modified_gmt":"2026-03-27T11:01:33","slug":"bibigo-gyoza-de-tofu-y-verduras-congelado-600g","status":"publish","type":"product","link":"https:\/\/www.laperlavalles.cat\/es\/product\/bibigo-gyoza-de-tofu-y-verduras-congelado-600g\/","title":{"rendered":"BIBIGO GYOZA DE TOFU Y VERDURAS CONGELADO 600G"},"content":{"rendered":"<p>Las Bibigo Gyoza de Tofu y Verduras Congeladas 600g son empanadillas coreanas rellenas con una combinaci\u00f3n equilibrada de tofu suave y verduras frescas como col, zanahoria, cebolla, espinacas y cebolleta. Su envoltura fina y crujiente, elaborada con ingredientes naturales sin colorantes ni conservantes artificiales, ofrece una experiencia gastron\u00f3mica aut\u00e9ntica. Ideales para fre\u00edr, cocinar al vapor o a la plancha, estas gyoza son perfectas como plato principal, acompa\u00f1amiento o aperitivo<\/p>\n","protected":false},"excerpt":{"rendered":"<p>Las Bibigo Gyoza de Tofu y Verduras Congeladas 600g son empanadillas coreanas rellenas con una combinaci\u00f3n equilibrada de tofu suave y verduras frescas como col, zanahoria,<span class=\"excerpt-hellip\"> [\u2026]<\/span><\/p>\n","protected":false},"featured_media":192903,"comment_status":"open","ping_status":"closed","template":"","meta":[],"product_cat":[8391],"product_tag":[],"_links":{"self":[{"href":"https:\/\/www.laperlavalles.cat\/es\/wp-json\/wp\/v2\/product\/192919"}],"collection":[{"href":"https:\/\/www.laperlavalles.cat\/es\/wp-json\/wp\/v2\/product"}],"about":[{"href":"https:\/\/www.laperlavalles.cat\/es\/wp-json\/wp\/v2\/types\/product"}],"replies":[{"embeddable":true,"href":"https:\/\/www.laperlavalles.cat\/es\/wp-json\/wp\/v2\/comments?post=192919"}],"wp:featuredmedia":[{"embeddable":true,"href":"https:\/\/www.laperlavalles.cat\/es\/wp-json\/wp\/v2\/media\/192903"}],"wp:attachment":[{"href":"https:\/\/www.laperlavalles.cat\/es\/wp-json\/wp\/v2\/media?parent=192919"}],"wp:term":[{"taxonomy":"product_cat","embeddable":true,"href":"https:\/\/www.laperlavalles.cat\/es\/wp-json\/wp\/v2\/product_cat?post=192919"},{"taxonomy":"product_tag","embeddable":true,"href":"https:\/\/www.laperlavalles.cat\/es\/wp-json\/wp\/v2\/product_tag?post=192919"}],"curies":[{"name":"wp","href":"https:\/\/api.w.org\/{rel}","templated":true}]}}